{"id":2349,"date":"2026-03-17T11:27:13","date_gmt":"2026-03-17T10:27:13","guid":{"rendered":"https:\/\/www.fluokov.cz\/metallverarbeitung\/"},"modified":"2026-03-28T09:42:44","modified_gmt":"2026-03-28T08:42:44","slug":"metallverarbeitung","status":"publish","type":"page","link":"https:\/\/www.fluokov.cz\/de\/","title":{"rendered":"Metallverarbeitung"},"content":{"rendered":"<p>[et_pb_section fb_built=&#8220;1&#8243; _builder_version=&#8220;4.27.6&#8243; _module_preset=&#8220;default&#8220; use_background_color_gradient=&#8220;on&#8220; background_color_gradient_stops=&#8220;rgba(24,46,84,0) 0%|rgba(24,46,84,0) 99%&#8220; background_color_gradient_overlays_image=&#8220;on&#8220; background_image=&#8220;https:\/\/www.fluokov.cz\/wp-content\/uploads\/2026\/03\/svareni-web-fluokov.jpg&#8220; background_enable_mask_style=&#8220;on&#8220; background_mask_style=&#8220;caret&#8220; background_mask_color=&#8220;#182e54&#8243; background_mask_size=&#8220;cover&#8220; bottom_divider_color=&#8220;#EDF000&#8243; hover_enabled=&#8220;0&#8243; background_last_edited=&#8220;on|tablet&#8220; background_size_tablet=&#8220;cover&#8220; background_position_tablet=&#8220;center&#8220; background_horizontal_offset_tablet=&#8220;100%&#8220; background_vertical_offset_tablet=&#8220;20%&#8220; background_enable_mask_style_phone=&#8220;on&#8220; background_mask_style_phone=&#8220;triangles&#8220; background_mask_size_phone=&#8220;stretch&#8220; global_colors_info=&#8220;{}&#8220; alt=&#8220;Fluokov &#8211; sva\u0159ov\u00e1n\u00ed&#8220; title_text=&#8220;svareni-web-fluokov&#8220; sticky_enabled=&#8220;0&#8243;][et_pb_row column_structure=&#8220;1_2,1_2&#8243; _builder_version=&#8220;4.27.5&#8243; _module_preset=&#8220;default&#8220; custom_padding=&#8220;||||false|false&#8220; global_colors_info=&#8220;{}&#8220;][et_pb_column type=&#8220;1_2&#8243; _builder_version=&#8220;4.27.5&#8243; _module_preset=&#8220;default&#8220; global_colors_info=&#8220;{}&#8220;][et_pb_text content_tablet=&#8220;<\/p>\n<h1 style=%22text-align: left;%22>Bew\u00e4hrter Partner f\u00fcr die Metallverarbeitung<\/h1>\n<p>&#8220; content_phone=&#8220;<\/p>\n<h1 style=%22text-align: left;%22>Bew\u00e4hrter Partner f\u00fcr die Metallverarbeitung<\/h1>\n<p>&#8220; content_last_edited=&#8220;on|phone&#8220; _builder_version=&#8220;4.27.5&#8243; _module_preset=&#8220;default&#8220; header_font=&#8220;|600|||||||&#8220; header_text_color=&#8220;#ffffff&#8220; header_font_size=&#8220;70px&#8220; custom_margin=&#8220;-54px|||||&#8220; header_font_size_tablet=&#8220;40px&#8220; header_font_size_phone=&#8220;40px&#8220; header_font_size_last_edited=&#8220;on|tablet&#8220; header_text_shadow_style=&#8220;preset1&#8243; global_colors_info=&#8220;{}&#8220;]<\/p>\n<h1 style=\"text-align: left;\">Bew\u00e4hrter Partner f\u00fcr die Metallverarbeitung<\/h1>\n<p>[\/et_pb_text][et_pb_text content_tablet=&#8220;<\/p>\n<h2 style=%22text-align: left;%22>Ma\u00dfgeschneiderte Metallfertigung,<br \/>auf die Sie sich verlassen k\u00f6nnen.<br \/>Langfristig,<br \/>ohne unn\u00f6tige Komplikationen.<\/h2>\n<p>&#8220; content_phone=&#8220;<\/p>\n<h2 style=%22text-align: left;%22>Ma\u00dfgeschneiderte Metallfertigung,<br \/>auf die Sie sich verlassen k\u00f6nnen.<br \/>Langfristig,<br \/>ohne unn\u00f6tige Komplikationen.<\/h2>\n<p>&#8220; content_last_edited=&#8220;on|phone&#8220; _builder_version=&#8220;4.27.5&#8243; _module_preset=&#8220;default&#8220; header_2_text_color=&#8220;#CECECE&#8220; header_2_font_size=&#8220;30px&#8220; header_2_line_height=&#8220;1.7em&#8220; custom_padding=&#8220;|40px|||false|false&#8220; header_2_font_size_tablet=&#8220;24px&#8220; header_2_font_size_phone=&#8220;27px&#8220; header_2_font_size_last_edited=&#8220;on|phone&#8220; global_colors_info=&#8220;{}&#8220;]<\/p>\n<h2 style=\"text-align: left;\">Ma\u00dfgeschneiderte Metallfertigung, auf die Sie sich verlassen k\u00f6nnen.<br \/>Langfristig, ohne \u00c4rger.<\/h2>\n<p>[\/et_pb_text][et_pb_button button_url=&#8220;@ET-DC@eyJkeW5hbWljIjp0cnVlLCJjb250ZW50IjoicG9zdF9saW5rX3VybF9wYWdlIiwic2V0dGluZ3MiOnsicG9zdF9pZCI6IjE2NjYiLCJlbmFibGVfaHRtbCI6Im9mZiJ9fQ==@&#8220; button_text=&#8220;Anfrage senden&#8220; _builder_version=&#8220;4.27.6&#8243; _dynamic_attributes=&#8220;button_url&#8220; _module_preset=&#8220;default&#8220; custom_button=&#8220;on&#8220; button_text_size=&#8220;23px&#8220; button_text_color=&#8220;#ffdf00&#8243; global_colors_info=&#8220;{}&#8220;][\/et_pb_button][\/et_pb_column][et_pb_column type=&#8220;1_2&#8243; _builder_version=&#8220;4.27.5&#8243; _module_preset=&#8220;default&#8220; global_colors_info=&#8220;{}&#8220;][\/et_pb_column][\/et_pb_row][\/et_pb_section][et_pb_section fb_built=&#8220;1&#8243; _builder_version=&#8220;4.27.5&#8243; _module_preset=&#8220;default&#8220; use_background_color_gradient=&#8220;on&#8220; background_color_gradient_stops=&#8220;rgba(2,4,46,0.9) 0%|rgba(0,25,66,0.9) 100%&#8220; background_color_gradient_overlays_image=&#8220;on&#8220; background_image=&#8220;https:\/\/www.fluokov.cz\/wp-content\/uploads\/2021\/05\/background-819054_1920.jpg&#8220; custom_padding=&#8220;150px|||||&#8220; top_divider_style=&#8220;triangle&#8220; top_divider_color=&#8220;#182e54&#8243; top_divider_flip=&#8220;vertical&#8220; global_colors_info=&#8220;{}&#8220;][et_pb_row column_structure=&#8220;1_4,1_4,1_4,1_4&#8243; _builder_version=&#8220;4.27.5&#8243; _module_preset=&#8220;default&#8220; width=&#8220;95%&#8220; max_width=&#8220;90%&#8220; global_colors_info=&#8220;{}&#8220;][et_pb_column type=&#8220;1_4&#8243; _builder_version=&#8220;4.27.5&#8243; _module_preset=&#8220;default&#8220; animation_style=&#8220;slide&#8220; animation_direction=&#8220;bottom&#8220; animation_duration=&#8220;2000ms&#8220; link_option_url=&#8220;https:\/\/www.fluokov.cz\/de\/laser\/&#8220; global_colors_info=&#8220;{}&#8220;][et_pb_text _builder_version=&#8220;4.27.5&#8243; _module_preset=&#8220;default&#8220; header_3_font=&#8220;|600||on|||||&#8220; header_3_text_align=&#8220;left&#8220; header_3_font_size=&#8220;23px&#8220; transform_translate=&#8220;-6px|-15px&#8220; transform_rotate=&#8220;0deg|0deg|328deg&#8220; global_colors_info=&#8220;{}&#8220;]<\/p>\n<h3><strong>Laser Brennen<\/strong><\/h3>\n<p>[\/et_pb_text][et_pb_image src=&#8220;https:\/\/www.fluokov.cz\/wp-content\/uploads\/2026\/03\/laser-Fluokov-ikona-web.png&#8220; title_text=&#8220;laser-fluokov-icon-web&#8220; _builder_version=&#8220;4.27.6&#8243; _module_preset=&#8220;default&#8220; custom_margin=&#8220;-30px||||false|false&#8220; locked=&#8220;off&#8220; global_colors_info=&#8220;{}&#8220;][\/et_pb_image][et_pb_text _builder_version=&#8220;4.27.5&#8243; _module_preset=&#8220;default&#8220; text_line_height=&#8220;1.8em&#8220; text_orientation=&#8220;center&#8220; width_tablet=&#8220;80%&#8220; width_phone=&#8220;85%&#8220; width_last_edited=&#8220;on|phone&#8220; module_alignment=&#8220;center&#8220; custom_margin=&#8220;-52px|||||&#8220; text_font_size_tablet=&#8220;20px&#8220; text_font_size_phone=&#8220;20px&#8220; text_font_size_last_edited=&#8220;on|desktop&#8220; global_colors_info=&#8220;{}&#8220;]<\/p>\n<p>Schnelle und pr\u00e4zise Br\u00e4nde. Wenn Sie ohne Wartezeit brennen m\u00fcssen. <\/p>\n<p>[\/et_pb_text][et_pb_button button_url=&#8220;https:\/\/www.fluokov.cz\/de\/laser\/&#8220; button_text=&#8220;Ich m\u00f6chte mehr sehen&#8220; button_alignment=&#8220;center&#8220; _builder_version=&#8220;4.27.5&#8243; _module_preset=&#8220;default&#8220; custom_button=&#8220;on&#8220; button_text_size=&#8220;16px&#8220; button_text_color=&#8220;#ffdf00&#8243; transform_scale=&#8220;120%|120%&#8220; transform_scale_tablet=&#8220;120%|120%&#8220; transform_scale_phone=&#8220;120%|120%&#8220; transform_scale_last_edited=&#8220;on|desktop&#8220; transform_translate_tablet=&#8220;&#8220; transform_translate_phone=&#8220;&#8220; transform_translate_last_edited=&#8220;on|desktop&#8220; transform_rotate_tablet=&#8220;&#8220; transform_rotate_phone=&#8220;&#8220; transform_rotate_last_edited=&#8220;on|desktop&#8220; transform_skew_tablet=&#8220;&#8220; transform_skew_phone=&#8220;&#8220; transform_skew_last_edited=&#8220;on|desktop&#8220; transform_origin_tablet=&#8220;&#8220; transform_origin_phone=&#8220;&#8220; transform_origin_last_edited=&#8220;on|desktop&#8220; transform_styles_last_edited=&#8220;on|desktop&#8220; custom_margin=&#8220;||50px||false|false&#8220; custom_margin_phone=&#8220;||||false|false&#8220; custom_margin_last_edited=&#8220;off|desktop&#8220; transform_styles_tablet=&#8220;&#8220; transform_styles_phone=&#8220;&#8220; global_colors_info=&#8220;{}&#8220;][\/et_pb_button][\/et_pb_column][et_pb_column type=&#8220;1_4&#8243; _builder_version=&#8220;4.27.5&#8243; _module_preset=&#8220;default&#8220; animation_style=&#8220;slide&#8220; animation_direction=&#8220;bottom&#8220; animation_duration=&#8220;2000ms&#8220; animation_delay=&#8220;200ms&#8220; link_option_url=&#8220;https:\/\/www.fluokov.cz\/sluzby#vyroba&#8220; global_colors_info=&#8220;{}&#8220;][et_pb_text _builder_version=&#8220;4.27.5&#8243; _module_preset=&#8220;default&#8220; header_3_font=&#8220;|600||on|||||&#8220; header_3_text_align=&#8220;left&#8220; header_3_font_size=&#8220;23px&#8220; transform_translate=&#8220;-6px|-15px&#8220; transform_rotate=&#8220;0deg|0deg|328deg&#8220; global_colors_info=&#8220;{}&#8220;]<\/p>\n<h3>Produktion und Zusammenarbeit<\/h3>\n<p>[\/et_pb_text][et_pb_image src=&#8220;https:\/\/www.fluokov.cz\/wp-content\/uploads\/2026\/01\/Fluokov-web-7.png&#8220; title_text=&#8220;Fluokov &#8211; web-7&#8243; _builder_version=&#8220;4.27.5&#8243; _module_preset=&#8220;default&#8220; custom_margin=&#8220;-30px||||false|false&#8220; locked=&#8220;off&#8220; global_colors_info=&#8220;{}&#8220;][\/et_pb_image][et_pb_text _builder_version=&#8220;4.27.5&#8243; _module_preset=&#8220;default&#8220; text_line_height=&#8220;1.8em&#8220; text_orientation=&#8220;center&#8220; width_tablet=&#8220;80%&#8220; width_phone=&#8220;85%&#8220; width_last_edited=&#8220;on|phone&#8220; module_alignment=&#8220;center&#8220; custom_margin=&#8220;-52px|||||&#8220; text_font_size_tablet=&#8220;20px&#8220; text_font_size_phone=&#8220;20px&#8220; text_font_size_last_edited=&#8220;on|desktop&#8220; global_colors_info=&#8220;{}&#8220;]<\/p>\n<p>Komplette Produktion. Vom Einzelteil bis zur fertigen Baugruppe. <\/p>\n<p>[\/et_pb_text][et_pb_button button_url=&#8220;https:\/\/www.fluokov.cz\/sluzby#vyroba&#8220; button_text=&#8220;Ich m\u00f6chte mehr sehen&#8220; button_alignment=&#8220;center&#8220; _builder_version=&#8220;4.27.5&#8243; _module_preset=&#8220;default&#8220; custom_button=&#8220;on&#8220; button_text_size=&#8220;16px&#8220; button_text_color=&#8220;#ffdf00&#8243; transform_scale=&#8220;120%|120%&#8220; transform_scale_tablet=&#8220;120%|120%&#8220; transform_scale_phone=&#8220;120%|120%&#8220; transform_scale_last_edited=&#8220;on|desktop&#8220; custom_margin=&#8220;||50px||false|false&#8220; global_colors_info=&#8220;{}&#8220;][\/et_pb_button][\/et_pb_column][et_pb_column type=&#8220;1_4&#8243; _builder_version=&#8220;4.27.5&#8243; _module_preset=&#8220;default&#8220; animation_style=&#8220;slide&#8220; animation_direction=&#8220;bottom&#8220; animation_duration=&#8220;2000ms&#8220; animation_delay=&#8220;400ms&#8220; link_option_url=&#8220;https:\/\/www.fluokov.cz\/sluzby#znaceni&#8220; global_colors_info=&#8220;{}&#8220;][et_pb_text _builder_version=&#8220;4.27.5&#8243; _module_preset=&#8220;default&#8220; header_3_font=&#8220;|600||on|||||&#8220; header_3_text_align=&#8220;left&#8220; header_3_font_size=&#8220;23px&#8220; transform_translate=&#8220;-6px|-15px&#8220; transform_rotate=&#8220;0deg|0deg|328deg&#8220; global_colors_info=&#8220;{}&#8220;]<\/p>\n<h3>Kennzeichnung und Verpackung<\/h3>\n<p>[\/et_pb_text][et_pb_image src=&#8220;https:\/\/www.fluokov.cz\/wp-content\/uploads\/2026\/03\/baleni-Fluokov-ikona-web.png&#8220; title_text=&#8220;baleni-fluokov-ikona-web&#8220; _builder_version=&#8220;4.27.6&#8243; _module_preset=&#8220;default&#8220; custom_margin=&#8220;-30px||||false|false&#8220; locked=&#8220;off&#8220; global_colors_info=&#8220;{}&#8220;][\/et_pb_image][et_pb_text _builder_version=&#8220;4.27.5&#8243; _module_preset=&#8220;default&#8220; text_line_height=&#8220;1.8em&#8220; text_orientation=&#8220;center&#8220; width_tablet=&#8220;80%&#8220; width_phone=&#8220;85%&#8220; width_last_edited=&#8220;on|phone&#8220; module_alignment=&#8220;center&#8220; custom_margin=&#8220;-52px|||||&#8220; text_font_size_tablet=&#8220;20px&#8220; text_font_size_phone=&#8220;20px&#8220; text_font_size_last_edited=&#8220;on|desktop&#8220; global_colors_info=&#8220;{}&#8220;]<\/p>\n<p>Wir beschriften, sortieren und verpacken die Teile f\u00fcr Sie, damit Sie den \u00dcberblick behalten.<\/p>\n<p>[\/et_pb_text][et_pb_button button_url=&#8220;https:\/\/www.fluokov.cz\/sluzby#znaceni&#8220; button_text=&#8220;Ich m\u00f6chte mehr sehen&#8220; button_alignment=&#8220;center&#8220; _builder_version=&#8220;4.27.5&#8243; _module_preset=&#8220;default&#8220; custom_button=&#8220;on&#8220; button_text_size=&#8220;16px&#8220; button_text_color=&#8220;#ffdf00&#8243; transform_scale=&#8220;120%|120%&#8220; transform_scale_tablet=&#8220;120%|120%&#8220; transform_scale_phone=&#8220;120%|120%&#8220; transform_scale_last_edited=&#8220;on|desktop&#8220; custom_margin=&#8220;||50px||false|false&#8220; global_colors_info=&#8220;{}&#8220;][\/et_pb_button][\/et_pb_column][et_pb_column type=&#8220;1_4&#8243; _builder_version=&#8220;4.27.5&#8243; _module_preset=&#8220;default&#8220; animation_style=&#8220;slide&#8220; animation_direction=&#8220;bottom&#8220; animation_duration=&#8220;2000ms&#8220; animation_delay=&#8220;600ms&#8220; link_option_url=&#8220;https:\/\/www.fluokov.cz\/sluzby#doprava&#8220; global_colors_info=&#8220;{}&#8220;][et_pb_text _builder_version=&#8220;4.27.5&#8243; _module_preset=&#8220;default&#8220; header_3_font=&#8220;|600||on|||||&#8220; header_3_text_align=&#8220;left&#8220; header_3_font_size=&#8220;23px&#8220; transform_translate=&#8220;-6px|-15px&#8220; transform_rotate=&#8220;0deg|0deg|328deg&#8220; global_colors_info=&#8220;{}&#8220;]<\/p>\n<h3><strong>Transport und Einrichtungen<\/strong><\/h3>\n<p>[\/et_pb_text][et_pb_image src=&#8220;https:\/\/www.fluokov.cz\/wp-content\/uploads\/2026\/02\/doprava-fluokov.png&#8220; title_text=&#8220;transport-fluokov&#8220; _builder_version=&#8220;4.27.5&#8243; _module_preset=&#8220;default&#8220; custom_margin=&#8220;-30px||||false|false&#8220; locked=&#8220;off&#8220; global_colors_info=&#8220;{}&#8220;][\/et_pb_image][et_pb_text _builder_version=&#8220;4.27.5&#8243; _module_preset=&#8220;default&#8220; text_line_height=&#8220;1.8em&#8220; text_orientation=&#8220;center&#8220; width_tablet=&#8220;80%&#8220; width_phone=&#8220;85%&#8220; width_last_edited=&#8220;on|phone&#8220; module_alignment=&#8220;center&#8220; custom_margin=&#8220;-52px|||||&#8220; text_font_size_tablet=&#8220;20px&#8220; text_font_size_phone=&#8220;20px&#8220; text_font_size_last_edited=&#8220;on|desktop&#8220; global_colors_info=&#8220;{}&#8220;]<\/p>\n<p>Eigener Bereich f\u00fcr Handling und Lagerung. Lassen Sie die Logistik die Produktion nicht aufhalten. <\/p>\n<p>[\/et_pb_text][et_pb_button button_url=&#8220;https:\/\/www.fluokov.cz\/sluzby#doprava&#8220; button_text=&#8220;Ich m\u00f6chte mehr sehen&#8220; button_alignment=&#8220;center&#8220; _builder_version=&#8220;4.27.5&#8243; _module_preset=&#8220;default&#8220; custom_button=&#8220;on&#8220; button_text_size=&#8220;16px&#8220; button_text_color=&#8220;#ffdf00&#8243; transform_scale=&#8220;120%|120%&#8220; transform_scale_tablet=&#8220;120%|120%&#8220; transform_scale_phone=&#8220;120%|120%&#8220; transform_scale_last_edited=&#8220;on|desktop&#8220; custom_margin=&#8220;||50px||false|false&#8220; global_colors_info=&#8220;{}&#8220;][\/et_pb_button][\/et_pb_column][\/et_pb_row][\/et_pb_section][et_pb_section fb_built=&#8220;1&#8243; _builder_version=&#8220;4.27.6&#8243; _module_preset=&#8220;default&#8220; use_background_color_gradient=&#8220;on&#8220; background_color_gradient_stops=&#8220;rgba(209,209,209,0.8) 0%|rgba(209,209,209,0.8) 99%&#8220; background_color_gradient_overlays_image=&#8220;on&#8220; background_image=&#8220;https:\/\/www.fluokov.cz\/wp-content\/uploads\/2021\/05\/background-819054_1920.jpg&#8220; custom_padding=&#8220;130px|||||&#8220; top_divider_style=&#8220;triangle&#8220; top_divider_color=&#8220;#182E54&#8243; top_divider_flip=&#8220;vertical&#8220; global_module=&#8220;1724&#8243; saved_tabs=&#8220;all&#8220; global_colors_info=&#8220;{}&#8220;][et_pb_row _builder_version=&#8220;4.27.5&#8243; _module_preset=&#8220;default&#8220; global_colors_info=&#8220;{}&#8220;][et_pb_column type=&#8220;4_4&#8243; _builder_version=&#8220;4.27.5&#8243; _module_preset=&#8220;default&#8220; global_colors_info=&#8220;{}&#8220;][et_pb_text _builder_version=&#8220;4.27.5&#8243; _module_preset=&#8220;default&#8220; text_font=&#8220;|600|||||||&#8220; text_text_color=&#8220;#182e54&#8243; text_font_size=&#8220;27px&#8220; text_line_height=&#8220;1.8em&#8220; text_orientation=&#8220;center&#8220; width=&#8220;70%&#8220; width_tablet=&#8220;100%&#8220; width_phone=&#8220;100%&#8220; width_last_edited=&#8220;on|desktop&#8220; module_alignment=&#8220;center&#8220; global_colors_info=&#8220;{}&#8220;]<\/p>\n<p style=\"text-align: center;\"><span>Wir helfen Unternehmen, ihre Produktion am Laufen zu halten.<br \/>Wir fertigen Metallteile und Unterbaugruppen so, dass sie gleich beim ersten Mal richtig zusammenpassen und nicht zur\u00fcckgeschickt werden m\u00fcssen.<\/span><\/p>\n<p style=\"text-align: center;\">Wir sind ein Familienunternehmen mit langj\u00e4hriger Erfahrung.<br \/>Der Vertrag mit uns ist g\u00fcltig.<\/p>\n<p>[\/et_pb_text][et_pb_button button_url=&#8220;@ET-DC@eyJkeW5hbWljIjp0cnVlLCJjb250ZW50IjoicG9zdF9saW5rX3VybF9wYWdlIiwic2V0dGluZ3MiOnsicG9zdF9pZCI6IjE2NjYiLCJlbmFibGVfaHRtbCI6Im9mZiJ9fQ==@&#8220; button_text=&#8220;Unverbindliche Anfrage Produktion&#8220; button_alignment=&#8220;center&#8220; _builder_version=&#8220;4.27.5&#8243; _dynamic_attributes=&#8220;button_url&#8220; _module_preset=&#8220;default&#8220; custom_button=&#8220;on&#8220; button_text_size=&#8220;26px&#8220; button_text_color=&#8220;#FFDF00&#8243; button_bg_color=&#8220;#0C4D86&#8243; button_font=&#8220;|600||on|||||&#8220; global_colors_info=&#8220;{}&#8220;][\/et_pb_button][et_pb_image src=&#8220;https:\/\/www.fluokov.cz\/wp-content\/uploads\/2026\/01\/logo-Fluokov-blue-960\u00d7450.png&#8220; title_text=&#8220;Fluokov-Blau-960\u00d7450 Logo&#8220; _builder_version=&#8220;4.27.5&#8243; _module_preset=&#8220;default&#8220; width=&#8220;45%&#8220; module_alignment=&#8220;center&#8220; custom_margin=&#8220;60px|||||&#8220; locked=&#8220;off&#8220; global_colors_info=&#8220;{}&#8220;][\/et_pb_image][\/et_pb_column][\/et_pb_row][\/et_pb_section][et_pb_section fb_built=&#8220;1&#8243; custom_padding_last_edited=&#8220;off|desktop&#8220; admin_label=&#8220;Footer&#8220; _builder_version=&#8220;4.27.5&#8243; _module_preset=&#8220;default&#8220; background_enable_color=&#8220;off&#8220; use_background_color_gradient=&#8220;on&#8220; background_color_gradient_stops=&#8220;rgba(0,25,66,0.9) 0%|rgba(0,25,66,0.9) 100%&#8220; background_color_gradient_overlays_image=&#8220;on&#8220; background_image=&#8220;https:\/\/www.fluokov.cz\/wp-content\/uploads\/2021\/05\/background-819054_1920.jpg&#8220; custom_margin=&#8220;|||&#8220; custom_padding=&#8220;20px|0px|20px|0px|true|false&#8220; custom_padding_tablet=&#8220;10vw||10vw||true&#8220; custom_padding_phone=&#8220;5vw||5vw||true&#8220; border_width_top=&#8220;2px&#8220; border_color_top=&#8220;#EDF000&#8243; global_module=&#8220;594&#8243; saved_tabs=&#8220;all&#8220; locked=&#8220;off&#8220; global_colors_info=&#8220;{}&#8220;][et_pb_row column_structure=&#8220;1_3,1_3,1_3&#8243; _builder_version=&#8220;4.17.4&#8243; _module_preset=&#8220;default&#8220; global_colors_info=&#8220;{}&#8220;][et_pb_column type=&#8220;1_3&#8243; _builder_version=&#8220;4.17.4&#8243; _module_preset=&#8220;default&#8220; global_colors_info=&#8220;{}&#8220;][et_pb_blurb title=&#8220;Adresse des Hauptsitzes&#8220; use_icon=&#8220;on&#8220; font_icon=&#8220;&#xe081;||divi||400&#8243; icon_color=&#8220;#ffa727&#8243; icon_placement=&#8220;left&#8220; image_icon_width=&#8220;28px&#8220; content_max_width=&#8220;1100px&#8220; _builder_version=&#8220;4.18.0&#8243; _module_preset=&#8220;default&#8220; header_font=&#8220;|300|||||||&#8220; header_font_size=&#8220;22px&#8220; header_line_height=&#8220;1.2em&#8220; body_font=&#8220;||||||||&#8220; body_font_size=&#8220;16px&#8220; body_line_height=&#8220;1.8em&#8220; background_layout=&#8220;dark&#8220; custom_padding=&#8220;|||&#8220; animation_style=&#8220;fold&#8220; animation_delay=&#8220;150ms&#8220; animation=&#8220;off&#8220; icon_font_size=&#8220;28px&#8220; locked=&#8220;off&#8220; global_colors_info=&#8220;{}&#8220;]<\/p>\n<p><span>Fluokov s.r.o.<\/span><br \/><span>D\u016fln\u00ed 106, Sob\u011bdruhy<\/span><br \/><span>415 10 Teplice<\/span><\/p>\n<p>[\/et_pb_blurb][et_pb_text _builder_version=&#8220;4.27.5&#8243; _module_preset=&#8220;default&#8220; text_font_size=&#8220;14px&#8220; global_colors_info=&#8220;{}&#8220;]<\/p>\n<p><a href=\"https:\/\/www.fluokov.cz\/de\/gdpr\/\" target=\"_blank\" rel=\"noopener\">Datenschutzrichtlinie (GDPR)<\/a><\/p>\n<p><a href=\"https:\/\/www.fluokov.cz\/de\/cookie-richtlinie-eu\/\">Coockies Politik (EU)<\/a><\/p>\n<p>[\/et_pb_text][\/et_pb_column][et_pb_column type=&#8220;1_3&#8243; _builder_version=&#8220;4.17.4&#8243; _module_preset=&#8220;default&#8220; global_colors_info=&#8220;{}&#8220;][et_pb_blurb title=&#8220;Rufen Sie uns an&#8220; use_icon=&#8220;on&#8220; font_icon=&#8220;&#xe090;||divi||400&#8243; icon_color=&#8220;#ffa727&#8243; icon_placement=&#8220;left&#8220; image_icon_width=&#8220;28px&#8220; content_max_width=&#8220;1100px&#8220; _builder_version=&#8220;4.27.5&#8243; _module_preset=&#8220;default&#8220; header_font=&#8220;|300|||||||&#8220; header_font_size=&#8220;22px&#8220; header_line_height=&#8220;1.2em&#8220; body_font=&#8220;||||||||&#8220; body_font_size=&#8220;16px&#8220; body_line_height=&#8220;1.8em&#8220; background_layout=&#8220;dark&#8220; custom_padding=&#8220;|||&#8220; animation_style=&#8220;fold&#8220; animation_delay=&#8220;150ms&#8220; animation=&#8220;off&#8220; icon_font_size=&#8220;28px&#8220; locked=&#8220;off&#8220; global_colors_info=&#8220;{}&#8220;]<\/p>\n<p><span>+420 417 560 679<\/span><\/p>\n<p>[\/et_pb_blurb][et_pb_blurb title=&#8220;Schreiben Sie uns&#8220; use_icon=&#8220;on&#8220; font_icon=&#8220;&#xf1fa;||fa||900&#8243; icon_color=&#8220;#ffa727&#8243; icon_placement=&#8220;left&#8220; image_icon_width=&#8220;28px&#8220; content_max_width=&#8220;1100px&#8220; _builder_version=&#8220;4.18.0&#8243; _module_preset=&#8220;default&#8220; header_font=&#8220;|300|||||||&#8220; header_font_size=&#8220;22px&#8220; header_line_height=&#8220;1.2em&#8220; body_font=&#8220;||||||||&#8220; body_font_size=&#8220;16px&#8220; body_line_height=&#8220;1.8em&#8220; background_layout=&#8220;dark&#8220; custom_padding=&#8220;|||&#8220; animation_style=&#8220;fold&#8220; animation_delay=&#8220;150ms&#8220; animation=&#8220;off&#8220; icon_font_size=&#8220;28px&#8220; locked=&#8220;off&#8220; global_colors_info=&#8220;{}&#8220;]<\/p>\n<p>firma@fluokov.cz<\/p>\n<p>[\/et_pb_blurb][\/et_pb_column][et_pb_column type=&#8220;1_3&#8243; _builder_version=&#8220;4.17.4&#8243; _module_preset=&#8220;default&#8220; global_colors_info=&#8220;{}&#8220;][et_pb_blurb title=&#8220;Whistleblowing-Kanal&#8220; image=&#8220;https:\/\/www.fluokov.cz\/wp-content\/uploads\/2023\/09\/qr.png&#8220; image_icon_width=&#8220;100px&#8220; content_max_width=&#8220;1100px&#8220; _builder_version=&#8220;4.18.0&#8243; _module_preset=&#8220;default&#8220; header_font=&#8220;|300|||||||&#8220; header_text_align=&#8220;center&#8220; header_font_size=&#8220;22px&#8220; header_line_height=&#8220;1.2em&#8220; body_font=&#8220;||||||||&#8220; body_font_size=&#8220;16px&#8220; body_line_height=&#8220;1.8em&#8220; background_layout=&#8220;dark&#8220; custom_padding=&#8220;|||&#8220; animation_style=&#8220;fold&#8220; animation_delay=&#8220;150ms&#8220; animation=&#8220;off&#8220; border_width_all_image=&#8220;3px&#8220; border_color_all_image=&#8220;#FFFFFF&#8220; icon_font_size=&#8220;28px&#8220; locked=&#8220;off&#8220; global_colors_info=&#8220;{}&#8220;][\/et_pb_blurb][\/et_pb_column][\/et_pb_row][\/et_pb_section]<\/p>\n","protected":false},"excerpt":{"rendered":"<p>Bew\u00e4hrter Partner f\u00fcr die MetallverarbeitungMa\u00dfgeschneiderte Metallfertigung, auf die Sie sich verlassen k\u00f6nnen.Langfristig, ohne \u00c4rger.Laser BrennenSchnelle und pr\u00e4zise Br\u00e4nde. Wenn Sie ohne Wartezeit brennen m\u00fcssen. Produktion und ZusammenarbeitKomplette Produktion. Vom Einzelteil bis zur fertigen Baugruppe. Kennzeichnung und VerpackungWir beschriften, sortieren und verpacken die Teile f\u00fcr Sie, damit Sie den \u00dcberblick behalten.Transport und EinrichtungenEigener Bereich f\u00fcr Handling [&hellip;]<\/p>\n","protected":false},"author":1,"featured_media":1863,"parent":0,"menu_order":0,"comment_status":"closed","ping_status":"closed","template":"","meta":{"_et_pb_use_builder":"on","_et_pb_old_content":"","_et_gb_content_width":"","footnotes":""},"class_list":["post-2349","page","type-page","status-publish","has-post-thumbnail","hentry"],"_links":{"self":[{"href":"https:\/\/www.fluokov.cz\/de\/wp-json\/wp\/v2\/pages\/2349","targetHints":{"allow":["GET"]}}],"collection":[{"href":"https:\/\/www.fluokov.cz\/de\/wp-json\/wp\/v2\/pages"}],"about":[{"href":"https:\/\/www.fluokov.cz\/de\/wp-json\/wp\/v2\/types\/page"}],"author":[{"embeddable":true,"href":"https:\/\/www.fluokov.cz\/de\/wp-json\/wp\/v2\/users\/1"}],"replies":[{"embeddable":true,"href":"https:\/\/www.fluokov.cz\/de\/wp-json\/wp\/v2\/comments?post=2349"}],"version-history":[{"count":8,"href":"https:\/\/www.fluokov.cz\/de\/wp-json\/wp\/v2\/pages\/2349\/revisions"}],"predecessor-version":[{"id":2476,"href":"https:\/\/www.fluokov.cz\/de\/wp-json\/wp\/v2\/pages\/2349\/revisions\/2476"}],"wp:featuredmedia":[{"embeddable":true,"href":"https:\/\/www.fluokov.cz\/de\/wp-json\/wp\/v2\/media\/1863"}],"wp:attachment":[{"href":"https:\/\/www.fluokov.cz\/de\/wp-json\/wp\/v2\/media?parent=2349"}],"curies":[{"name":"wp","href":"https:\/\/api.w.org\/{rel}","templated":true}]}}