{"id":2300,"date":"2026-03-17T11:26:36","date_gmt":"2026-03-17T10:26:36","guid":{"rendered":"https:\/\/www.fluokov.cz\/ueber-uns\/"},"modified":"2026-03-17T11:26:37","modified_gmt":"2026-03-17T10:26:37","slug":"ueber-uns","status":"publish","type":"page","link":"https:\/\/www.fluokov.cz\/de\/ueber-uns\/","title":{"rendered":"\u00dcber uns"},"content":{"rendered":"<p>[et_pb_section fb_built=&#8220;1&#8243; _builder_version=&#8220;4.27.6&#8243; _module_preset=&#8220;default&#8220; use_background_color_gradient=&#8220;on&#8220; background_color_gradient_stops=&#8220;rgba(24,46,84,0) 0%|rgba(24,46,84,0) 99%&#8220; background_color_gradient_overlays_image=&#8220;on&#8220; background_image=&#8220;https:\/\/www.fluokov.cz\/wp-content\/uploads\/2026\/03\/o-nas-fluokov-web.jpg&#8220; background_enable_mask_style=&#8220;on&#8220; background_mask_style=&#8220;caret&#8220; background_mask_color=&#8220;#182e54&#8243; background_mask_size=&#8220;cover&#8220; bottom_divider_color=&#8220;#EDF000&#8243; hover_enabled=&#8220;0&#8243; background_last_edited=&#8220;on|phone&#8220; background_size_tablet=&#8220;cover&#8220; background_position_tablet=&#8220;center_left&#8220; background_position_phone=&#8220;center_right&#8220; background_horizontal_offset_tablet=&#8220;40%&#8220; background_enable_mask_style_phone=&#8220;on&#8220; background_mask_style_phone=&#8220;triangles&#8220; background_mask_size_phone=&#8220;stretch&#8220; locked=&#8220;off&#8220; global_colors_info=&#8220;{}&#8220; title_text=&#8220;o-nas-fluokov-web&#8220; sticky_enabled=&#8220;0&#8243; background_horizontal_offset_phone=&#8220;10%&#8220;][et_pb_row column_structure=&#8220;1_2,1_2&#8243; _builder_version=&#8220;4.27.5&#8243; _module_preset=&#8220;default&#8220; max_width_tablet=&#8220;&#8220; max_width_phone=&#8220;&#8220; max_width_last_edited=&#8220;on|desktop&#8220; custom_padding=&#8220;||||false|false&#8220; global_colors_info=&#8220;{}&#8220;][et_pb_column type=&#8220;1_2&#8243; _builder_version=&#8220;4.27.5&#8243; _module_preset=&#8220;default&#8220; global_colors_info=&#8220;{}&#8220;][et_pb_text content_last_edited=&#8220;off|tablet&#8220; _builder_version=&#8220;4.27.5&#8243; _module_preset=&#8220;default&#8220; header_font=&#8220;|600||on|||||&#8220; header_text_color=&#8220;#ffffff&#8220; header_font_size=&#8220;60px&#8220; header_font_size_tablet=&#8220;50px&#8220; header_font_size_phone=&#8220;40px&#8220; header_font_size_last_edited=&#8220;on|phone&#8220; header_text_shadow_style=&#8220;preset1&#8243; global_colors_info=&#8220;{}&#8220;]<\/p>\n<h1>\u00dcber uns<\/h1>\n<p>[\/et_pb_text][et_pb_text quote_border_color=&#8220;#0192DC&#8220; _builder_version=&#8220;4.27.5&#8243; _module_preset=&#8220;default&#8220; text_font_size=&#8220;24px&#8220; text_line_height=&#8220;2em&#8220; ul_font_size=&#8220;20px&#8220; ul_line_height=&#8220;1.7em&#8220; quote_text_color=&#8220;#FFDF00&#8243; header_3_font=&#8220;|700|||||||&#8220; header_3_text_color=&#8220;#FFDF00&#8243; header_3_font_size=&#8220;25px&#8220; header_4_text_color=&#8220;#EDF000&#8243; quote_font_size_tablet=&#8220;20px&#8220; quote_font_size_phone=&#8220;20px&#8220; quote_font_size_last_edited=&#8220;on|tablet&#8220; global_colors_info=&#8220;{}&#8220;]<\/p>\n<blockquote>\n<p data-start=\"509\" data-end=\"574\"><em>Bew\u00e4hrter Partner <\/em><em>f\u00fcr die Metallverarbeitung<\/em><\/p>\n<\/blockquote>\n<p>[\/et_pb_text][et_pb_text _builder_version=&#8220;4.27.5&#8243; _module_preset=&#8220;default&#8220; text_font_size=&#8220;20px&#8220; text_line_height=&#8220;2em&#8220; header_2_text_color=&#8220;#EDF000&#8243; header_2_font_size=&#8220;24px&#8220; width_tablet=&#8220;58%&#8220; width_phone=&#8220;80%&#8220; width_last_edited=&#8220;on|tablet&#8220; max_width_tablet=&#8220;&#8220; max_width_phone=&#8220;&#8220; max_width_last_edited=&#8220;on|tablet&#8220; text_font_size_tablet=&#8220;18px&#8220; text_font_size_phone=&#8220;18px&#8220; text_font_size_last_edited=&#8220;on|tablet&#8220; header_2_font_size_tablet=&#8220;24px&#8220; header_2_font_size_phone=&#8220;20px&#8220; header_2_font_size_last_edited=&#8220;on|phone&#8220; global_colors_info=&#8220;{}&#8220;]<\/p>\n<h2 data-start=\"460\" data-end=\"668\">Unternehmen <strong data-start=\"471\" data-end=\"512\"><span class=\"hover:entity-accent entity-underline inline cursor-pointer align-baseline\"><span class=\"whitespace-normal\">Fluokov s.r.o.<\/span><\/span><\/strong><\/h2>\n<p data-start=\"460\" data-end=\"668\">ist seit 1996 auf dem tschechischen Markt t\u00e4tig. Seit seiner Gr\u00fcndung konzentriert sich das Unternehmen auf kundenspezifische Fertigung und technisch anspruchsvolle L\u00f6sungen im Bereich der Metallproduktion und des Maschinenbaus. <\/p>\n<p data-start=\"670\" data-end=\"817\">Dank der langj\u00e4hrigen Erfahrung, dem stabilen Hintergrund und der Betonung der Qualit\u00e4t ist Fluokov ein zuverl\u00e4ssiger Partner f\u00fcr Kunden in der Tschechischen Republik und im Ausland.<\/p>\n<p>[\/et_pb_text][\/et_pb_column][et_pb_column type=&#8220;1_2&#8243; _builder_version=&#8220;4.27.5&#8243; _module_preset=&#8220;default&#8220; global_colors_info=&#8220;{}&#8220;][\/et_pb_column][\/et_pb_row][\/et_pb_section][et_pb_section fb_built=&#8220;1&#8243; next_background_color=&#8220;#182E54&#8243; module_id=&#8220;zazemi&#8220; _builder_version=&#8220;4.16&#8243; _module_preset=&#8220;default&#8220; use_background_color_gradient=&#8220;on&#8220; background_color_gradient_stops=&#8220;rgba(2,4,46,0.9) 0%|rgba(0,25,66,0.9) 100%&#8220; background_color_gradient_overlays_image=&#8220;on&#8220; background_image=&#8220;https:\/\/www.fluokov.cz\/wp-content\/uploads\/2021\/05\/background-819054_1920.jpg&#8220; custom_padding=&#8220;150px||150px|||&#8220; top_divider_style=&#8220;triangle&#8220; top_divider_color=&#8220;#182e54&#8243; top_divider_height=&#8220;44px&#8220; top_divider_flip=&#8220;vertical&#8220; bottom_divider_style=&#8220;triangle&#8220; bottom_divider_flip=&#8220;vertical&#8220; global_colors_info=&#8220;{}&#8220;][et_pb_row column_structure=&#8220;1_3,1_3,1_3&#8243; _builder_version=&#8220;4.16&#8243; _module_preset=&#8220;default&#8220; global_colors_info=&#8220;{}&#8220;][et_pb_column type=&#8220;1_3&#8243; _builder_version=&#8220;4.16&#8243; _module_preset=&#8220;default&#8220; global_colors_info=&#8220;{}&#8220;][et_pb_text _builder_version=&#8220;4.27.5&#8243; _module_preset=&#8220;default&#8220; text_font_size=&#8220;20px&#8220; text_line_height=&#8220;1.8em&#8220; ul_font_size=&#8220;20px&#8220; ul_line_height=&#8220;2em&#8220; header_2_text_color=&#8220;#EDF000&#8243; text_font_size_tablet=&#8220;18px&#8220; text_font_size_phone=&#8220;18px&#8220; text_font_size_last_edited=&#8220;on|phone&#8220; global_colors_info=&#8220;{}&#8220;]<\/p>\n<h2 data-start=\"221\" data-end=\"263\">Grundlegende Informationen<\/h2>\n<p data-start=\"848\" data-end=\"991\">Das Unternehmen wurde am <strong data-start=\"900\" data-end=\"916\">18. Dezember 1996<\/strong> in das Handelsregister eingetragen und ist beim <strong data-start=\"931\" data-end=\"967\">Landgericht in \u00dast\u00ed nad Labem<\/strong>, Abteilung C, Einlage 11584, registriert.<\/p>\n<p data-start=\"993\" data-end=\"1128\">Der Hauptsitz des Unternehmens befindet sich in:<br data-start=\"1032\" data-end=\"1035\"> D\u016fln\u00ed<strong data-start=\"1035\" data-end=\"1075\">106, Sob\u011bdruhy, 415 10 Teplice<\/strong>,<br data-start=\"1076\" data-end=\"1079\">, wo die eigene Produktion und die wirtschaftlichen Aktivit\u00e4ten des Unternehmens stattfinden.<\/p>\n<p>[\/et_pb_text][\/et_pb_column][et_pb_column type=&#8220;1_3&#8243; _builder_version=&#8220;4.16&#8243; _module_preset=&#8220;default&#8220; global_colors_info=&#8220;{}&#8220;][et_pb_text _builder_version=&#8220;4.27.5&#8243; _module_preset=&#8220;default&#8220; text_font_size=&#8220;20px&#8220; text_line_height=&#8220;2em&#8220; ul_font_size=&#8220;20px&#8220; ul_line_height=&#8220;2em&#8220; header_2_text_color=&#8220;#EDF000&#8243; global_colors_info=&#8220;{}&#8220;]<\/p>\n<h2 data-start=\"221\" data-end=\"263\">Fokus Unternehmen<\/h2>\n<p data-start=\"1161\" data-end=\"1192\">Das Thema ist haupts\u00e4chlich gesch\u00e4ftlich:<\/p>\n<ul data-start=\"1193\" data-end=\"1316\">\n<li data-start=\"1193\" data-end=\"1208\">\n<p data-start=\"1195\" data-end=\"1208\">Schl\u00fcsseldienst<\/p>\n<\/li>\n<li data-start=\"1209\" data-end=\"1224\">\n<p data-start=\"1211\" data-end=\"1224\">Bearbeitung<\/p>\n<\/li>\n<li data-start=\"1225\" data-end=\"1274\">\n<p data-start=\"1227\" data-end=\"1274\">Herstellung von Maschinen f\u00fcr andere Wirtschaftszweige<\/p>\n<\/li>\n<li data-start=\"1275\" data-end=\"1316\">\n<p data-start=\"1277\" data-end=\"1316\">Kauf von Waren zum Wiederverkauf<\/p>\n<\/li>\n<\/ul>\n<p data-start=\"1318\" data-end=\"1429\">Der gr\u00f6\u00dfte Teil der Produktion <strong data-start=\"1354\" data-end=\"1374\">wird nach Ma\u00df gefertigt<\/strong> und ist haupts\u00e4chlich f\u00fcr die <strong data-start=\"1401\" data-end=\"1428\">M\u00e4rkte der L\u00e4nder der Europ\u00e4ischen Union<\/strong> bestimmt.<\/p>\n<p>[\/et_pb_text][\/et_pb_column][et_pb_column type=&#8220;1_3&#8243; _builder_version=&#8220;4.16&#8243; _module_preset=&#8220;default&#8220; global_colors_info=&#8220;{}&#8220;][et_pb_text _builder_version=&#8220;4.27.5&#8243; _module_preset=&#8220;default&#8220; text_font_size=&#8220;20px&#8220; text_line_height=&#8220;2em&#8220; ul_font_size=&#8220;20px&#8220; ul_line_height=&#8220;2em&#8220; header_2_text_color=&#8220;#EDF000&#8243; global_colors_info=&#8220;{}&#8220;]<\/p>\n<h2 data-start=\"221\" data-end=\"263\">Geschichte und technologische Entwicklung<\/h2>\n<p data-start=\"1473\" data-end=\"1621\">Das Unternehmen hat sich seit langem auf die Entwicklung von Produktionstechnologien konzentriert. Zu Beginn des <strong data-start=\"1556\" data-end=\"1564\">Jahres 2006<\/strong> wurde die technologische Ausstattung erheblich erweitert: <\/p>\n<ul data-start=\"1622\" data-end=\"1666\">\n<li data-start=\"1622\" data-end=\"1647\">\n<p data-start=\"1624\" data-end=\"1647\">Laserschneiden von Blechen<\/p>\n<\/li>\n<li data-start=\"1648\" data-end=\"1666\">\n<p data-start=\"1650\" data-end=\"1666\">CNC-Biegen<\/p>\n<\/li>\n<\/ul>\n<p data-start=\"1668\" data-end=\"1756\">Diese Entwicklung wurde mit finanzieller Unterst\u00fctzung durch das Programm <strong data-start=\"1727\" data-end=\"1755\">PHARE 2003 &#8211; TECHNOLOGY<\/strong> durchgef\u00fchrt.<\/p>\n<p>[\/et_pb_text][\/et_pb_column][\/et_pb_row][\/et_pb_section][et_pb_section fb_built=&#8220;1&#8243; module_id=&#8220;transportieren&#8220; _builder_version=&#8220;4.27.5&#8243; _module_preset=&#8220;default&#8220; background_color=&#8220;#182E54&#8243; background_enable_image=&#8220;off&#8220; top_divider_color=&#8220;#182e54&#8243; top_divider_flip=&#8220;vertical&#8220; locked=&#8220;off&#8220; global_colors_info=&#8220;{}&#8220;][et_pb_row column_structure=&#8220;1_2,1_2&#8243; _builder_version=&#8220;4.16&#8243; _module_preset=&#8220;default&#8220; global_colors_info=&#8220;{}&#8220;][et_pb_column type=&#8220;1_2&#8243; _builder_version=&#8220;4.16&#8243; _module_preset=&#8220;default&#8220; global_colors_info=&#8220;{}&#8220;][et_pb_text _builder_version=&#8220;4.27.5&#8243; _module_preset=&#8220;default&#8220; text_font_size=&#8220;20px&#8220; text_line_height=&#8220;2em&#8220; header_2_text_color=&#8220;#EDF000&#8243; text_font_size_tablet=&#8220;18px&#8220; text_font_size_phone=&#8220;18px&#8220; text_font_size_last_edited=&#8220;on|phone&#8220; global_colors_info=&#8220;{}&#8220;]<\/p>\n<h2 data-start=\"460\" data-end=\"668\">Produktionsanlagen<\/h2>\n<p data-start=\"1783\" data-end=\"2039\">Im Jahr <strong data-start=\"1790\" data-end=\"1798\">2009<\/strong> zog das Unternehmen auf sein heutiges Gel\u00e4nde um, wo die <strong data-start=\"1871\" data-end=\"1922\">erste Phase des Baus von Produktions- und Lagerhallen<\/strong> realisiert wurde. Dadurch wurden moderne und hochwertige Einrichtungen geschaffen, die einen weiteren Ausbau der Produktionskapazit\u00e4t und eine Steigerung der Produktionseffizienz erm\u00f6glichen. <\/p>\n<p data-start=\"2041\" data-end=\"2134\">Das Gel\u00e4nde umfasst auch <strong data-start=\"2069\" data-end=\"2112\">gemietete Lager- und Produktionsfl\u00e4chen<\/strong> in \u00e4lteren Geb\u00e4uden.<\/p>\n<p>[\/et_pb_text][\/et_pb_column][et_pb_column type=&#8220;1_2&#8243; _builder_version=&#8220;4.16&#8243; _module_preset=&#8220;default&#8220; global_colors_info=&#8220;{}&#8220;][et_pb_text _builder_version=&#8220;4.27.5&#8243; _module_preset=&#8220;default&#8220; text_font_size=&#8220;20px&#8220; text_line_height=&#8220;2em&#8220; header_2_text_color=&#8220;#EDF000&#8243; text_font_size_tablet=&#8220;18px&#8220; text_font_size_phone=&#8220;18px&#8220; text_font_size_last_edited=&#8220;on|phone&#8220; global_colors_info=&#8220;{}&#8220;]<\/p>\n<h2 data-start=\"460\" data-end=\"668\">Unser Team<\/h2>\n<p data-start=\"1783\" data-end=\"2039\">Das Unternehmen besch\u00e4ftigt etwa <strong data-start=\"2186\" data-end=\"2204\">60 Mitarbeiter<\/strong>, die in einem <strong data-start=\"2223\" data-end=\"2246\">Zweischichtbetrieb<\/strong> arbeiten. Ein erfahrenes Team von Fachleuten ist einer der Eckpfeiler f\u00fcr die Qualit\u00e4t und Zuverl\u00e4ssigkeit von Fluokov. <\/p>\n<p>[\/et_pb_text][et_pb_image src=&#8220;https:\/\/www.fluokov.cz\/wp-content\/uploads\/2026\/01\/logo-Fluokov-blue-yellow-960\u00d7450.png&#8220; title_text=&#8220;logo Fluokov-blue-yellow-960\u00d7450&#8243; _builder_version=&#8220;4.27.5&#8243; _module_preset=&#8220;default&#8220; width=&#8220;60%&#8220; width_tablet=&#8220;70%&#8220; width_phone=&#8220;70%&#8220; width_last_edited=&#8220;on|phone&#8220; module_alignment=&#8220;center&#8220; global_colors_info=&#8220;{}&#8220;][\/et_pb_image][\/et_pb_column][\/et_pb_row][\/et_pb_section][et_pb_section fb_built=&#8220;1&#8243; _builder_version=&#8220;4.27.5&#8243; _module_preset=&#8220;default&#8220; use_background_color_gradient=&#8220;on&#8220; background_color_gradient_stops=&#8220;rgba(209,209,209,0.8) 0%|rgba(209,209,209,0.8) 99%&#8220; background_color_gradient_overlays_image=&#8220;on&#8220; background_image=&#8220;https:\/\/www.fluokov.cz\/wp-content\/uploads\/2021\/05\/background-819054_1920.jpg&#8220; parallax=&#8220;on&#8220; custom_padding=&#8220;130px|||||&#8220; top_divider_style=&#8220;triangle&#8220; top_divider_color=&#8220;#182E54&#8243; top_divider_flip=&#8220;vertical&#8220; global_module=&#8220;1724&#8243; global_colors_info=&#8220;{}&#8220;][et_pb_row _builder_version=&#8220;4.27.5&#8243; _module_preset=&#8220;default&#8220; global_colors_info=&#8220;{}&#8220;][et_pb_column type=&#8220;4_4&#8243; _builder_version=&#8220;4.27.5&#8243; _module_preset=&#8220;default&#8220; global_colors_info=&#8220;{}&#8220;][et_pb_text _builder_version=&#8220;4.27.5&#8243; _module_preset=&#8220;default&#8220; text_font=&#8220;|600|||||||&#8220; text_text_color=&#8220;#182e54&#8243; text_font_size=&#8220;27px&#8220; text_line_height=&#8220;1.8em&#8220; text_orientation=&#8220;center&#8220; width=&#8220;70%&#8220; width_tablet=&#8220;100%&#8220; width_phone=&#8220;100%&#8220; width_last_edited=&#8220;on|desktop&#8220; module_alignment=&#8220;center&#8220; global_colors_info=&#8220;{}&#8220;]<\/p>\n<p style=\"text-align: center;\"><span>Wir helfen Unternehmen, ihre Produktion am Laufen zu halten.<br \/>Wir fertigen Metallteile und Unterbaugruppen so, dass sie gleich beim ersten Mal richtig zusammenpassen und nicht zur\u00fcckgeschickt werden m\u00fcssen.<\/span><\/p>\n<p style=\"text-align: center;\">Wir sind ein Familienunternehmen mit langj\u00e4hriger Erfahrung.<br \/>Der Vertrag mit uns ist g\u00fcltig.<\/p>\n<p>[\/et_pb_text][et_pb_button button_url=&#8220;@ET-DC@eyJkeW5hbWljIjp0cnVlLCJjb250ZW50IjoicG9zdF9saW5rX3VybF9wYWdlIiwic2V0dGluZ3MiOnsicG9zdF9pZCI6IjE2NjYifX0=@&#8220; button_text=&#8220;Unverbindliche Anfrage Produktion&#8220; button_alignment=&#8220;center&#8220; _builder_version=&#8220;4.27.5&#8243; _dynamic_attributes=&#8220;button_url&#8220; _module_preset=&#8220;default&#8220; custom_button=&#8220;on&#8220; button_text_size=&#8220;26px&#8220; button_text_color=&#8220;#FFDF00&#8243; button_bg_color=&#8220;#0C4D86&#8243; button_font=&#8220;|600||on|||||&#8220; global_colors_info=&#8220;{}&#8220;][\/et_pb_button][et_pb_image src=&#8220;https:\/\/www.fluokov.cz\/wp-content\/uploads\/2026\/01\/logo-Fluokov-blue-960\u00d7450.png&#8220; title_text=&#8220;Fluokov-Blau-960\u00d7450 Logo&#8220; _builder_version=&#8220;4.27.5&#8243; _module_preset=&#8220;default&#8220; width=&#8220;45%&#8220; module_alignment=&#8220;center&#8220; custom_margin=&#8220;60px|||||&#8220; locked=&#8220;off&#8220; global_colors_info=&#8220;{}&#8220;][\/et_pb_image][\/et_pb_column][\/et_pb_row][\/et_pb_section][et_pb_section fb_built=&#8220;1&#8243; custom_padding_last_edited=&#8220;off|desktop&#8220; admin_label=&#8220;Footer&#8220; _builder_version=&#8220;4.27.5&#8243; _module_preset=&#8220;default&#8220; background_enable_color=&#8220;off&#8220; use_background_color_gradient=&#8220;on&#8220; background_color_gradient_stops=&#8220;rgba(0,25,66,0.9) 0%|rgba(0,25,66,0.9) 100%&#8220; background_color_gradient_overlays_image=&#8220;on&#8220; background_image=&#8220;https:\/\/www.fluokov.cz\/wp-content\/uploads\/2021\/05\/background-819054_1920.jpg&#8220; custom_margin=&#8220;|||&#8220; custom_padding=&#8220;20px|0px|20px|0px|true|false&#8220; custom_padding_tablet=&#8220;10vw||10vw||true&#8220; custom_padding_phone=&#8220;5vw||5vw||true&#8220; border_width_top=&#8220;2px&#8220; border_color_top=&#8220;#EDF000&#8243; global_module=&#8220;594&#8243; saved_tabs=&#8220;all&#8220; locked=&#8220;off&#8220; global_colors_info=&#8220;{}&#8220;][et_pb_row column_structure=&#8220;1_3,1_3,1_3&#8243; _builder_version=&#8220;4.17.4&#8243; _module_preset=&#8220;default&#8220; global_colors_info=&#8220;{}&#8220;][et_pb_column type=&#8220;1_3&#8243; _builder_version=&#8220;4.17.4&#8243; _module_preset=&#8220;default&#8220; global_colors_info=&#8220;{}&#8220;][et_pb_blurb title=&#8220;Adresse des Hauptsitzes&#8220; use_icon=&#8220;on&#8220; font_icon=&#8220;&#xe081;||divi||400&#8243; icon_color=&#8220;#ffa727&#8243; icon_placement=&#8220;left&#8220; image_icon_width=&#8220;28px&#8220; content_max_width=&#8220;1100px&#8220; _builder_version=&#8220;4.18.0&#8243; _module_preset=&#8220;default&#8220; header_font=&#8220;|300|||||||&#8220; header_font_size=&#8220;22px&#8220; header_line_height=&#8220;1.2em&#8220; body_font=&#8220;||||||||&#8220; body_font_size=&#8220;16px&#8220; body_line_height=&#8220;1.8em&#8220; background_layout=&#8220;dark&#8220; custom_padding=&#8220;|||&#8220; animation_style=&#8220;fold&#8220; animation_delay=&#8220;150ms&#8220; animation=&#8220;off&#8220; icon_font_size=&#8220;28px&#8220; locked=&#8220;off&#8220; global_colors_info=&#8220;{}&#8220;]<\/p>\n<p><span>Fluokov s.r.o.<\/span><br \/><span>D\u016fln\u00ed 106, Sob\u011bdruhy<\/span><br \/><span>415 10 Teplice<\/span><\/p>\n<p>[\/et_pb_blurb][et_pb_text _builder_version=&#8220;4.27.5&#8243; _module_preset=&#8220;default&#8220; text_font_size=&#8220;14px&#8220; global_colors_info=&#8220;{}&#8220;]<\/p>\n<p><a href=\"https:\/\/www.fluokov.cz\/?page_id=2242&#038;lang=de\" target=\"_blank\" rel=\"noopener\">Datenschutzrichtlinie (GDPR)<\/a><\/p>\n<p><a href=\"https:\/\/www.fluokov.cz\/?page_id=2290&#038;lang=de\">Coockies Politik (EU)<\/a><\/p>\n<p>[\/et_pb_text][\/et_pb_column][et_pb_column type=&#8220;1_3&#8243; _builder_version=&#8220;4.17.4&#8243; _module_preset=&#8220;default&#8220; global_colors_info=&#8220;{}&#8220;][et_pb_blurb title=&#8220;Rufen Sie uns an&#8220; use_icon=&#8220;on&#8220; font_icon=&#8220;&#xe090;||divi||400&#8243; icon_color=&#8220;#ffa727&#8243; icon_placement=&#8220;left&#8220; image_icon_width=&#8220;28px&#8220; content_max_width=&#8220;1100px&#8220; _builder_version=&#8220;4.27.5&#8243; _module_preset=&#8220;default&#8220; header_font=&#8220;|300|||||||&#8220; header_font_size=&#8220;22px&#8220; header_line_height=&#8220;1.2em&#8220; body_font=&#8220;||||||||&#8220; body_font_size=&#8220;16px&#8220; body_line_height=&#8220;1.8em&#8220; background_layout=&#8220;dark&#8220; custom_padding=&#8220;|||&#8220; animation_style=&#8220;fold&#8220; animation_delay=&#8220;150ms&#8220; animation=&#8220;off&#8220; icon_font_size=&#8220;28px&#8220; locked=&#8220;off&#8220; global_colors_info=&#8220;{}&#8220;]<\/p>\n<p><span>+420 417 560 679<\/span><\/p>\n<p>[\/et_pb_blurb][et_pb_blurb title=&#8220;Schreiben Sie uns&#8220; use_icon=&#8220;on&#8220; font_icon=&#8220;&#xf1fa;||fa||900&#8243; icon_color=&#8220;#ffa727&#8243; icon_placement=&#8220;left&#8220; image_icon_width=&#8220;28px&#8220; content_max_width=&#8220;1100px&#8220; _builder_version=&#8220;4.18.0&#8243; _module_preset=&#8220;default&#8220; header_font=&#8220;|300|||||||&#8220; header_font_size=&#8220;22px&#8220; header_line_height=&#8220;1.2em&#8220; body_font=&#8220;||||||||&#8220; body_font_size=&#8220;16px&#8220; body_line_height=&#8220;1.8em&#8220; background_layout=&#8220;dark&#8220; custom_padding=&#8220;|||&#8220; animation_style=&#8220;fold&#8220; animation_delay=&#8220;150ms&#8220; animation=&#8220;off&#8220; icon_font_size=&#8220;28px&#8220; locked=&#8220;off&#8220; global_colors_info=&#8220;{}&#8220;]<\/p>\n<p>firma@fluokov.cz<\/p>\n<p>[\/et_pb_blurb][\/et_pb_column][et_pb_column type=&#8220;1_3&#8243; _builder_version=&#8220;4.17.4&#8243; _module_preset=&#8220;default&#8220; global_colors_info=&#8220;{}&#8220;][et_pb_blurb title=&#8220;Whistleblowing-Kanal&#8220; image=&#8220;https:\/\/www.fluokov.cz\/wp-content\/uploads\/2023\/09\/qr.png&#8220; image_icon_width=&#8220;100px&#8220; content_max_width=&#8220;1100px&#8220; _builder_version=&#8220;4.18.0&#8243; _module_preset=&#8220;default&#8220; header_font=&#8220;|300|||||||&#8220; header_text_align=&#8220;center&#8220; header_font_size=&#8220;22px&#8220; header_line_height=&#8220;1.2em&#8220; body_font=&#8220;||||||||&#8220; body_font_size=&#8220;16px&#8220; body_line_height=&#8220;1.8em&#8220; background_layout=&#8220;dark&#8220; custom_padding=&#8220;|||&#8220; animation_style=&#8220;fold&#8220; animation_delay=&#8220;150ms&#8220; animation=&#8220;off&#8220; border_width_all_image=&#8220;3px&#8220; border_color_all_image=&#8220;#FFFFFF&#8220; icon_font_size=&#8220;28px&#8220; locked=&#8220;off&#8220; global_colors_info=&#8220;{}&#8220;][\/et_pb_blurb][\/et_pb_column][\/et_pb_row][\/et_pb_section]<\/p>\n","protected":false},"excerpt":{"rendered":"<p>\u00dcber uns Bew\u00e4hrter Partner f\u00fcr die Metallverarbeitung Unternehmen Fluokov s.r.o. ist seit 1996 auf dem tschechischen Markt t\u00e4tig. Seit seiner Gr\u00fcndung konzentriert sich das Unternehmen auf kundenspezifische Fertigung und technisch anspruchsvolle L\u00f6sungen im Bereich der Metallproduktion und des Maschinenbaus. Dank der langj\u00e4hrigen Erfahrung, dem stabilen Hintergrund und der Betonung der Qualit\u00e4t ist Fluokov ein zuverl\u00e4ssiger [&hellip;]<\/p>\n","protected":false},"author":1,"featured_media":0,"parent":0,"menu_order":0,"comment_status":"closed","ping_status":"closed","template":"","meta":{"_et_pb_use_builder":"on","_et_pb_old_content":"","_et_gb_content_width":"","footnotes":""},"class_list":["post-2300","page","type-page","status-publish","hentry"],"_links":{"self":[{"href":"https:\/\/www.fluokov.cz\/de\/wp-json\/wp\/v2\/pages\/2300","targetHints":{"allow":["GET"]}}],"collection":[{"href":"https:\/\/www.fluokov.cz\/de\/wp-json\/wp\/v2\/pages"}],"about":[{"href":"https:\/\/www.fluokov.cz\/de\/wp-json\/wp\/v2\/types\/page"}],"author":[{"embeddable":true,"href":"https:\/\/www.fluokov.cz\/de\/wp-json\/wp\/v2\/users\/1"}],"replies":[{"embeddable":true,"href":"https:\/\/www.fluokov.cz\/de\/wp-json\/wp\/v2\/comments?post=2300"}],"version-history":[{"count":2,"href":"https:\/\/www.fluokov.cz\/de\/wp-json\/wp\/v2\/pages\/2300\/revisions"}],"predecessor-version":[{"id":2304,"href":"https:\/\/www.fluokov.cz\/de\/wp-json\/wp\/v2\/pages\/2300\/revisions\/2304"}],"wp:attachment":[{"href":"https:\/\/www.fluokov.cz\/de\/wp-json\/wp\/v2\/media?parent=2300"}],"curies":[{"name":"wp","href":"https:\/\/api.w.org\/{rel}","templated":true}]}}