{"id":2296,"date":"2026-03-17T11:26:35","date_gmt":"2026-03-17T10:26:35","guid":{"rendered":"https:\/\/www.fluokov.cz\/fuer-lieferanten\/"},"modified":"2026-03-17T12:53:36","modified_gmt":"2026-03-17T11:53:36","slug":"fuer-lieferanten","status":"publish","type":"page","link":"https:\/\/www.fluokov.cz\/de\/fuer-lieferanten\/","title":{"rendered":"F\u00fcr Lieferanten"},"content":{"rendered":"<p>[et_pb_section fb_built=&#8220;1&#8243; _builder_version=&#8220;4.27.6&#8243; _module_preset=&#8220;default&#8220; use_background_color_gradient=&#8220;on&#8220; background_color_gradient_stops=&#8220;rgba(24,46,84,0) 0%|rgba(24,46,84,0) 99%&#8220; background_color_gradient_overlays_image=&#8220;on&#8220; background_image=&#8220;https:\/\/www.fluokov.cz\/wp-content\/uploads\/2026\/03\/prododavatele-fluokov-web.jpg&#8220; background_enable_mask_style=&#8220;on&#8220; background_mask_style=&#8220;caret&#8220; background_mask_color=&#8220;#182e54&#8243; background_mask_size=&#8220;cover&#8220; bottom_divider_color=&#8220;#EDF000&#8243; background_last_edited=&#8220;on|phone&#8220; background_enable_mask_style_phone=&#8220;on&#8220; background_mask_style_phone=&#8220;triangles&#8220; background_mask_size_phone=&#8220;stretch&#8220; locked=&#8220;off&#8220; global_colors_info=&#8220;{}&#8220;][et_pb_row column_structure=&#8220;1_2,1_2&#8243; _builder_version=&#8220;4.27.5&#8243; _module_preset=&#8220;default&#8220; custom_padding=&#8220;||||false|false&#8220; global_colors_info=&#8220;{}&#8220;][et_pb_column type=&#8220;1_2&#8243; _builder_version=&#8220;4.27.5&#8243; _module_preset=&#8220;default&#8220; global_colors_info=&#8220;{}&#8220;][et_pb_text content_tablet=&#8220;<\/p>\n<h1>F\u00fcr<br \/>Lieferanten<\/h1>\n<p>&#8220; content_phone=&#8220;<\/p>\n<h1>F\u00fcr<br \/>Lieferanten<\/h1>\n<p>&#8220; content_last_edited=&#8220;on|phone&#8220; _builder_version=&#8220;4.27.5&#8243; _module_preset=&#8220;default&#8220; header_font=&#8220;|600||on|||||&#8220; header_text_color=&#8220;#ffffff&#8220; header_font_size=&#8220;60px&#8220; header_font_size_tablet=&#8220;55px&#8220; header_font_size_phone=&#8220;35px&#8220; header_font_size_last_edited=&#8220;on|tablet&#8220; header_text_shadow_style=&#8220;preset1&#8243; global_colors_info=&#8220;{}&#8220;]<\/p>\n<h1>F\u00fcr Lieferanten<\/h1>\n<p>[\/et_pb_text][et_pb_text quote_border_color=&#8220;#0192DC&#8220; _builder_version=&#8220;4.27.5&#8243; _module_preset=&#8220;default&#8220; text_font_size=&#8220;24px&#8220; text_line_height=&#8220;2em&#8220; ul_font_size=&#8220;20px&#8220; ul_line_height=&#8220;1.7em&#8220; quote_text_color=&#8220;#FFDF00&#8243; header_3_font=&#8220;|700|||||||&#8220; header_3_text_color=&#8220;#FFDF00&#8243; header_3_font_size=&#8220;25px&#8220; header_4_text_color=&#8220;#EDF000&#8243; width=&#8220;100%&#8220; width_tablet=&#8220;60%&#8220; width_phone=&#8220;60%&#8220; width_last_edited=&#8220;on|tablet&#8220; quote_font_size_tablet=&#8220;18px&#8220; quote_font_size_phone=&#8220;18px&#8220; quote_font_size_last_edited=&#8220;on|tablet&#8220; global_colors_info=&#8220;{}&#8220;]<\/p>\n<blockquote>\n<p data-start=\"509\" data-end=\"574\"><em>Stabile Produktion auf der Grundlage unserer starken Partnerschaften<\/em><\/p>\n<\/blockquote>\n<p>[\/et_pb_text][et_pb_text _builder_version=&#8220;4.27.5&#8243; _module_preset=&#8220;default&#8220; text_font_size=&#8220;20px&#8220; text_line_height=&#8220;2em&#8220; header_2_text_color=&#8220;#EDF000&#8243; width_tablet=&#8220;60%&#8220; width_phone=&#8220;80%&#8220; width_last_edited=&#8220;on|phone&#8220; global_colors_info=&#8220;{}&#8220;]<\/p>\n<p data-start=\"485\" data-end=\"719\"><strong data-start=\"496\" data-end=\"507\">Fluokov<\/strong> unterh\u00e4lt langj\u00e4hrige Beziehungen zu bew\u00e4hrten Lieferanten von Materialien und Dienstleistungen, die f\u00fcr die Produktion ben\u00f6tigt werden. Wir bevorzugen <span style=\"color: rgba(255, 223, 0, 0.81);\"><strong data-start=\"614\" data-end=\"647\">stabile, zuverl\u00e4ssige Partner<\/strong><\/span> die in der Lage sind, regelm\u00e4\u00dfige Lieferungen in angemessener Qualit\u00e4t und p\u00fcnktlich zu gew\u00e4hrleisten. <\/p>\n<p data-start=\"721\" data-end=\"823\">Wenn Sie daran interessiert sind, unser Lieferant zu werden, finden Sie unten eine \u00dcbersicht \u00fcber die Materialien, die wir regelm\u00e4\u00dfig erhalten.<\/p>\n<p>[\/et_pb_text][\/et_pb_column][et_pb_column type=&#8220;1_2&#8243; _builder_version=&#8220;4.27.5&#8243; _module_preset=&#8220;default&#8220; global_colors_info=&#8220;{}&#8220;][\/et_pb_column][\/et_pb_row][\/et_pb_section][et_pb_section fb_built=&#8220;1&#8243; module_id=&#8220;Zusammenarbeit&#8220; _builder_version=&#8220;4.27.5&#8243; _module_preset=&#8220;default&#8220; use_background_color_gradient=&#8220;on&#8220; background_color_gradient_stops=&#8220;rgba(2,4,46,0.9) 0%|rgba(0,25,66,0.9) 100%&#8220; background_color_gradient_overlays_image=&#8220;on&#8220; background_image=&#8220;https:\/\/www.fluokov.cz\/wp-content\/uploads\/2021\/05\/background-819054_1920.jpg&#8220; custom_padding=&#8220;150px||150px|||&#8220; top_divider_style=&#8220;triangle&#8220; top_divider_color=&#8220;#182e54&#8243; top_divider_flip=&#8220;vertical&#8220; bottom_divider_flip=&#8220;vertical&#8220; global_colors_info=&#8220;{}&#8220;][et_pb_row _builder_version=&#8220;4.27.5&#8243; _module_preset=&#8220;default&#8220; global_colors_info=&#8220;{}&#8220;][et_pb_column type=&#8220;4_4&#8243; _builder_version=&#8220;4.27.5&#8243; _module_preset=&#8220;default&#8220; global_colors_info=&#8220;{}&#8220;][et_pb_heading title=&#8220;Regelm\u00e4\u00dfig beschaffte Materialien&#8220; _builder_version=&#8220;4.27.5&#8243; _module_preset=&#8220;default&#8220; title_level=&#8220;h2&#8243; title_font=&#8220;|||on|||||&#8220; title_text_align=&#8220;center&#8220; title_font_size=&#8220;50px&#8220; title_font_size_tablet=&#8220;40px&#8220; title_font_size_phone=&#8220;40px&#8220; title_font_size_last_edited=&#8220;on|phone&#8220; global_colors_info=&#8220;{}&#8220;][\/et_pb_heading][\/et_pb_column][\/et_pb_row][et_pb_row column_structure=&#8220;1_3,1_3,1_3&#8243; _builder_version=&#8220;4.16&#8243; _module_preset=&#8220;default&#8220; global_colors_info=&#8220;{}&#8220;][et_pb_column type=&#8220;1_3&#8243; _builder_version=&#8220;4.16&#8243; _module_preset=&#8220;default&#8220; global_colors_info=&#8220;{}&#8220;][et_pb_text _builder_version=&#8220;4.27.5&#8243; _module_preset=&#8220;default&#8220; text_font_size=&#8220;20px&#8220; text_line_height=&#8220;2em&#8220; ul_font_size=&#8220;20px&#8220; ul_line_height=&#8220;2em&#8220; header_2_text_color=&#8220;#EDF000&#8243; global_colors_info=&#8220;{}&#8220;]<\/p>\n<h2 data-start=\"221\" data-end=\"263\">Metallurgisches Material<\/h2>\n<ul data-start=\"886\" data-end=\"1039\">\n<li data-start=\"886\" data-end=\"982\">\n<p data-start=\"888\" data-end=\"957\">Warmgewalztes Blech<br data-start=\"912\" data-end=\"915\"><em data-start=\"917\" data-end=\"955\">(G\u00fcten 11 375.1, St37.2, S235J2G3)<\/em><\/p>\n<ul data-start=\"960\" data-end=\"982\">\n<li data-start=\"960\" data-end=\"982\">\n<p data-start=\"962\" data-end=\"982\">Dicke: <strong data-start=\"972\" data-end=\"982\">3-6 mm<\/strong><\/p>\n<\/li>\n<\/ul>\n<\/li>\n<li data-start=\"983\" data-end=\"1003\">\n<p data-start=\"985\" data-end=\"1003\">Profilmaterial<\/p>\n<\/li>\n<li data-start=\"1004\" data-end=\"1039\">\n<p data-start=\"1006\" data-end=\"1039\">Rohre und anderes metallurgisches Material<\/p>\n<\/li>\n<\/ul>\n<p data-start=\"1041\" data-end=\"1093\">J\u00e4hrliche Menge an metallurgischem Material: ca. 50 Tonnen<\/p>\n<p>[\/et_pb_text][\/et_pb_column][et_pb_column type=&#8220;1_3&#8243; _builder_version=&#8220;4.16&#8243; _module_preset=&#8220;default&#8220; global_colors_info=&#8220;{}&#8220;][et_pb_text _builder_version=&#8220;4.27.5&#8243; _module_preset=&#8220;default&#8220; text_font_size=&#8220;20px&#8220; text_line_height=&#8220;2em&#8220; ul_font_size=&#8220;20px&#8220; ul_line_height=&#8220;2em&#8220; header_2_text_color=&#8220;#EDF000&#8243; global_colors_info=&#8220;{}&#8220;]<\/p>\n<h2 data-start=\"221\" data-end=\"263\">Anderes Material<\/h2>\n<ul>\n<li data-start=\"1122\" data-end=\"1143\">Schwei\u00dfmaterialien<\/li>\n<li data-start=\"1146\" data-end=\"1173\">Arbeitsschutzausr\u00fcstung<\/li>\n<li data-start=\"1176\" data-end=\"1196\">Verbindungselemente<\/li>\n<li data-start=\"1199\" data-end=\"1218\">industrielle Chemie<\/li>\n<li data-start=\"1221\" data-end=\"1242\">B\u00fcrobedarf<\/li>\n<li data-start=\"1245\" data-end=\"1308\">anderes Material in kleineren Mengen je nach dem tats\u00e4chlichen Produktionsbedarf<\/li>\n<\/ul>\n<p>[\/et_pb_text][\/et_pb_column][et_pb_column type=&#8220;1_3&#8243; _builder_version=&#8220;4.16&#8243; _module_preset=&#8220;default&#8220; global_colors_info=&#8220;{}&#8220;][et_pb_text _builder_version=&#8220;4.27.5&#8243; _module_preset=&#8220;default&#8220; text_font_size=&#8220;20px&#8220; text_line_height=&#8220;2em&#8220; ul_font_size=&#8220;20px&#8220; ul_line_height=&#8220;2em&#8220; header_2_text_color=&#8220;#EDF000&#8243; global_colors_info=&#8220;{}&#8220;]<\/p>\n<h2 data-start=\"221\" data-end=\"263\">Umfang und Art der Zusammenarbeit<\/h2>\n<ul>\n<li data-start=\"1351\" data-end=\"1388\">regelm\u00e4\u00dfige und einmalige Auftr\u00e4ge<\/li>\n<li data-start=\"1391\" data-end=\"1424\">langfristige Zusammenarbeit ist willkommen<\/li>\n<li data-start=\"1427\" data-end=\"1486\">Schwerpunkt auf Qualit\u00e4t, Lieferzeiten und faire Handelsbedingungen<\/li>\n<\/ul>\n<p>[\/et_pb_text][\/et_pb_column][\/et_pb_row][\/et_pb_section][et_pb_section fb_built=&#8220;1&#8243; _builder_version=&#8220;4.27.6&#8243; _module_preset=&#8220;default&#8220; use_background_color_gradient=&#8220;on&#8220; background_color_gradient_stops=&#8220;rgba(209,209,209,0.8) 0%|rgba(209,209,209,0.8) 99%&#8220; background_color_gradient_overlays_image=&#8220;on&#8220; background_image=&#8220;https:\/\/www.fluokov.cz\/wp-content\/uploads\/2021\/05\/background-819054_1920.jpg&#8220; custom_padding=&#8220;150px|||||&#8220; top_divider_style=&#8220;triangle&#8220; top_divider_color=&#8220;#FFDF00&#8243; top_divider_flip=&#8220;vertical&#8220; hover_enabled=&#8220;0&#8243; border_color_all=&#8220;#FFDF00&#8243; border_width_top=&#8220;3px&#8220; locked=&#8220;off&#8220; global_colors_info=&#8220;{}&#8220; sticky_enabled=&#8220;0&#8243;][et_pb_row _builder_version=&#8220;4.27.5&#8243; _module_preset=&#8220;default&#8220; global_colors_info=&#8220;{}&#8220;][et_pb_column type=&#8220;4_4&#8243; _builder_version=&#8220;4.27.5&#8243; _module_preset=&#8220;default&#8220; global_colors_info=&#8220;{}&#8220;][et_pb_text _builder_version=&#8220;4.27.5&#8243; _module_preset=&#8220;default&#8220; text_text_color=&#8220;#0C4D86&#8243; text_font_size=&#8220;22px&#8220; text_line_height=&#8220;1.8em&#8220; header_3_font=&#8220;|700|||||||&#8220; header_3_text_color=&#8220;#0C4D86&#8243; header_3_font_size=&#8220;30px&#8220; text_orientation=&#8220;center&#8220; global_colors_info=&#8220;{}&#8220;]<\/p>\n<h3 style=\"text-align: center;\">Wie k\u00f6nnen Sie uns kontaktieren?<\/h3>\n<p data-start=\"1518\" data-end=\"1625\">Wenn Sie an einer Zusammenarbeit interessiert sind, senden Sie uns bitte Ihr <strong data-start=\"1566\" data-end=\"1624\">Angebot, Ihren Katalog oder grundlegende Informationen \u00fcber unser Unternehmen<\/strong>.<\/p>\n<p data-start=\"1627\" data-end=\"1676\">Alle Anfragen und Angebote von Lieferanten werden von uns bearbeitet:<\/p>\n<p data-start=\"1678\" data-end=\"1717\"><strong data-start=\"1678\" data-end=\"1717\">Fluokov Produktionsleiter<\/strong><\/p>\n<p>[\/et_pb_text][et_pb_button button_url=&#8220;mailto:firma@fluokov.cz&#8220; button_text=&#8220;Lieferantenangebot senden&#8220; button_alignment=&#8220;center&#8220; _builder_version=&#8220;4.27.5&#8243; _module_preset=&#8220;default&#8220; custom_button=&#8220;on&#8220; button_text_size=&#8220;26px&#8220; button_text_color=&#8220;#FFDF00&#8243; button_bg_color=&#8220;#0C4D86&#8243; button_font=&#8220;|600||on|||||&#8220; global_colors_info=&#8220;{}&#8220;][\/et_pb_button][et_pb_image src=&#8220;https:\/\/www.fluokov.cz\/wp-content\/uploads\/2026\/01\/logo-Fluokov-blue-960\u00d7450.png&#8220; title_text=&#8220;Fluokov-Blau-960\u00d7450 Logo&#8220; _builder_version=&#8220;4.27.5&#8243; _module_preset=&#8220;default&#8220; width=&#8220;45%&#8220; module_alignment=&#8220;center&#8220; custom_margin=&#8220;60px|||||&#8220; global_colors_info=&#8220;{}&#8220;][\/et_pb_image][\/et_pb_column][\/et_pb_row][\/et_pb_section][et_pb_section fb_built=&#8220;1&#8243; custom_padding_last_edited=&#8220;off|desktop&#8220; admin_label=&#8220;Footer&#8220; _builder_version=&#8220;4.27.5&#8243; _module_preset=&#8220;default&#8220; background_enable_color=&#8220;off&#8220; use_background_color_gradient=&#8220;on&#8220; background_color_gradient_stops=&#8220;rgba(0,25,66,0.9) 0%|rgba(0,25,66,0.9) 100%&#8220; background_color_gradient_overlays_image=&#8220;on&#8220; background_image=&#8220;https:\/\/www.fluokov.cz\/wp-content\/uploads\/2021\/05\/background-819054_1920.jpg&#8220; custom_margin=&#8220;|||&#8220; custom_padding=&#8220;20px|0px|20px|0px|true|false&#8220; custom_padding_tablet=&#8220;10vw||10vw||true&#8220; custom_padding_phone=&#8220;5vw||5vw||true&#8220; border_width_top=&#8220;2px&#8220; border_color_top=&#8220;#EDF000&#8243; global_module=&#8220;594&#8243; saved_tabs=&#8220;all&#8220; locked=&#8220;off&#8220; global_colors_info=&#8220;{}&#8220;][et_pb_row column_structure=&#8220;1_3,1_3,1_3&#8243; _builder_version=&#8220;4.17.4&#8243; _module_preset=&#8220;default&#8220; global_colors_info=&#8220;{}&#8220;][et_pb_column type=&#8220;1_3&#8243; _builder_version=&#8220;4.17.4&#8243; _module_preset=&#8220;default&#8220; global_colors_info=&#8220;{}&#8220;][et_pb_blurb title=&#8220;Adresse des Hauptsitzes&#8220; use_icon=&#8220;on&#8220; font_icon=&#8220;&#xe081;||divi||400&#8243; icon_color=&#8220;#ffa727&#8243; icon_placement=&#8220;left&#8220; image_icon_width=&#8220;28px&#8220; content_max_width=&#8220;1100px&#8220; _builder_version=&#8220;4.18.0&#8243; _module_preset=&#8220;default&#8220; header_font=&#8220;|300|||||||&#8220; header_font_size=&#8220;22px&#8220; header_line_height=&#8220;1.2em&#8220; body_font=&#8220;||||||||&#8220; body_font_size=&#8220;16px&#8220; body_line_height=&#8220;1.8em&#8220; background_layout=&#8220;dark&#8220; custom_padding=&#8220;|||&#8220; animation_style=&#8220;fold&#8220; animation_delay=&#8220;150ms&#8220; animation=&#8220;off&#8220; icon_font_size=&#8220;28px&#8220; locked=&#8220;off&#8220; global_colors_info=&#8220;{}&#8220;]<\/p>\n<p><span>Fluokov s.r.o.<\/span><br \/><span>D\u016fln\u00ed 106, Sob\u011bdruhy<\/span><br \/><span>415 10 Teplice<\/span><\/p>\n<p>[\/et_pb_blurb][et_pb_text _builder_version=&#8220;4.27.5&#8243; _module_preset=&#8220;default&#8220; text_font_size=&#8220;14px&#8220; global_colors_info=&#8220;{}&#8220;]<\/p>\n<p><a href=\"https:\/\/www.fluokov.cz\/de\/gdpr\/?lang=de\" target=\"_blank\" rel=\"noopener\">Datenschutzrichtlinie (GDPR)<\/a><\/p>\n<p><a href=\"https:\/\/www.fluokov.cz\/de\/cookie-richtlinie-eu\/?lang=de\">Coockies Politik (EU)<\/a><\/p>\n<p>[\/et_pb_text][\/et_pb_column][et_pb_column type=&#8220;1_3&#8243; _builder_version=&#8220;4.17.4&#8243; _module_preset=&#8220;default&#8220; global_colors_info=&#8220;{}&#8220;][et_pb_blurb title=&#8220;Rufen Sie uns an&#8220; use_icon=&#8220;on&#8220; font_icon=&#8220;&#xe090;||divi||400&#8243; icon_color=&#8220;#ffa727&#8243; icon_placement=&#8220;left&#8220; image_icon_width=&#8220;28px&#8220; content_max_width=&#8220;1100px&#8220; _builder_version=&#8220;4.27.5&#8243; _module_preset=&#8220;default&#8220; header_font=&#8220;|300|||||||&#8220; header_font_size=&#8220;22px&#8220; header_line_height=&#8220;1.2em&#8220; body_font=&#8220;||||||||&#8220; body_font_size=&#8220;16px&#8220; body_line_height=&#8220;1.8em&#8220; background_layout=&#8220;dark&#8220; custom_padding=&#8220;|||&#8220; animation_style=&#8220;fold&#8220; animation_delay=&#8220;150ms&#8220; animation=&#8220;off&#8220; icon_font_size=&#8220;28px&#8220; locked=&#8220;off&#8220; global_colors_info=&#8220;{}&#8220;]<\/p>\n<p><span>+420 417 560 679<\/span><\/p>\n<p>[\/et_pb_blurb][et_pb_blurb title=&#8220;Schreiben Sie uns&#8220; use_icon=&#8220;on&#8220; font_icon=&#8220;&#xf1fa;||fa||900&#8243; icon_color=&#8220;#ffa727&#8243; icon_placement=&#8220;left&#8220; image_icon_width=&#8220;28px&#8220; content_max_width=&#8220;1100px&#8220; _builder_version=&#8220;4.18.0&#8243; _module_preset=&#8220;default&#8220; header_font=&#8220;|300|||||||&#8220; header_font_size=&#8220;22px&#8220; header_line_height=&#8220;1.2em&#8220; body_font=&#8220;||||||||&#8220; body_font_size=&#8220;16px&#8220; body_line_height=&#8220;1.8em&#8220; background_layout=&#8220;dark&#8220; custom_padding=&#8220;|||&#8220; animation_style=&#8220;fold&#8220; animation_delay=&#8220;150ms&#8220; animation=&#8220;off&#8220; icon_font_size=&#8220;28px&#8220; locked=&#8220;off&#8220; global_colors_info=&#8220;{}&#8220;]<\/p>\n<p>firma@fluokov.cz<\/p>\n<p>[\/et_pb_blurb][\/et_pb_column][et_pb_column type=&#8220;1_3&#8243; _builder_version=&#8220;4.17.4&#8243; _module_preset=&#8220;default&#8220; global_colors_info=&#8220;{}&#8220;][et_pb_blurb title=&#8220;Whistleblowing-Kanal&#8220; image=&#8220;https:\/\/www.fluokov.cz\/wp-content\/uploads\/2023\/09\/qr.png&#8220; image_icon_width=&#8220;100px&#8220; content_max_width=&#8220;1100px&#8220; _builder_version=&#8220;4.18.0&#8243; _module_preset=&#8220;default&#8220; header_font=&#8220;|300|||||||&#8220; header_text_align=&#8220;center&#8220; header_font_size=&#8220;22px&#8220; header_line_height=&#8220;1.2em&#8220; body_font=&#8220;||||||||&#8220; body_font_size=&#8220;16px&#8220; body_line_height=&#8220;1.8em&#8220; background_layout=&#8220;dark&#8220; custom_padding=&#8220;|||&#8220; animation_style=&#8220;fold&#8220; animation_delay=&#8220;150ms&#8220; animation=&#8220;off&#8220; border_width_all_image=&#8220;3px&#8220; border_color_all_image=&#8220;#FFFFFF&#8220; icon_font_size=&#8220;28px&#8220; locked=&#8220;off&#8220; global_colors_info=&#8220;{}&#8220;][\/et_pb_blurb][\/et_pb_column][\/et_pb_row][\/et_pb_section]<\/p>\n","protected":false},"excerpt":{"rendered":"<p>F\u00fcr Lieferanten Stabile Produktion auf der Grundlage unserer starken Partnerschaften Fluokov unterh\u00e4lt langj\u00e4hrige Beziehungen zu bew\u00e4hrten Lieferanten von Materialien und Dienstleistungen, die f\u00fcr die Produktion ben\u00f6tigt werden. Wir bevorzugen stabile, zuverl\u00e4ssige Partner die in der Lage sind, regelm\u00e4\u00dfige Lieferungen in angemessener Qualit\u00e4t und p\u00fcnktlich zu gew\u00e4hrleisten. Wenn Sie daran interessiert sind, unser Lieferant zu werden, [&hellip;]<\/p>\n","protected":false},"author":1,"featured_media":0,"parent":0,"menu_order":0,"comment_status":"closed","ping_status":"closed","template":"","meta":{"_et_pb_use_builder":"on","_et_pb_old_content":"","_et_gb_content_width":"","footnotes":""},"class_list":["post-2296","page","type-page","status-publish","hentry"],"_links":{"self":[{"href":"https:\/\/www.fluokov.cz\/de\/wp-json\/wp\/v2\/pages\/2296","targetHints":{"allow":["GET"]}}],"collection":[{"href":"https:\/\/www.fluokov.cz\/de\/wp-json\/wp\/v2\/pages"}],"about":[{"href":"https:\/\/www.fluokov.cz\/de\/wp-json\/wp\/v2\/types\/page"}],"author":[{"embeddable":true,"href":"https:\/\/www.fluokov.cz\/de\/wp-json\/wp\/v2\/users\/1"}],"replies":[{"embeddable":true,"href":"https:\/\/www.fluokov.cz\/de\/wp-json\/wp\/v2\/comments?post=2296"}],"version-history":[{"count":5,"href":"https:\/\/www.fluokov.cz\/de\/wp-json\/wp\/v2\/pages\/2296\/revisions"}],"predecessor-version":[{"id":2407,"href":"https:\/\/www.fluokov.cz\/de\/wp-json\/wp\/v2\/pages\/2296\/revisions\/2407"}],"wp:attachment":[{"href":"https:\/\/www.fluokov.cz\/de\/wp-json\/wp\/v2\/media?parent=2296"}],"curies":[{"name":"wp","href":"https:\/\/api.w.org\/{rel}","templated":true}]}}