{"id":2266,"date":"2026-03-17T11:16:59","date_gmt":"2026-03-17T10:16:59","guid":{"rendered":"https:\/\/www.fluokov.cz\/projekte\/"},"modified":"2026-03-17T11:17:01","modified_gmt":"2026-03-17T10:17:01","slug":"projekte","status":"publish","type":"page","link":"https:\/\/www.fluokov.cz\/de\/projekte\/","title":{"rendered":"Projekte"},"content":{"rendered":"<p>[et_pb_section fb_built=&#8220;1&#8243; _builder_version=&#8220;4.27.6&#8243; _module_preset=&#8220;default&#8220; use_background_color_gradient=&#8220;on&#8220; background_color_gradient_stops=&#8220;rgba(24,46,84,0) 0%|rgba(24,46,84,0) 99%&#8220; background_color_gradient_overlays_image=&#8220;on&#8220; background_image=&#8220;https:\/\/www.fluokov.cz\/wp-content\/uploads\/2026\/03\/projekty-eu-fluokov-web-2.jpg&#8220; background_enable_mask_style=&#8220;on&#8220; background_mask_style=&#8220;caret&#8220; background_mask_color=&#8220;#182e54&#8243; background_mask_size=&#8220;cover&#8220; bottom_divider_color=&#8220;#EDF000&#8243; hover_enabled=&#8220;0&#8243; background_last_edited=&#8220;on|phone&#8220; background_size_tablet=&#8220;cover&#8220; background_position_tablet=&#8220;bottom_right&#8220; background_horizontal_offset_tablet=&#8220;26%&#8220; background_horizontal_offset_phone=&#8220;40%&#8220; background_enable_mask_style_phone=&#8220;on&#8220; background_mask_style_phone=&#8220;triangles&#8220; background_mask_size_phone=&#8220;stretch&#8220; locked=&#8220;off&#8220; global_colors_info=&#8220;{}&#8220; title_text=&#8220;projekty-eu-fluokov-web&#8220; sticky_enabled=&#8220;0&#8243;][et_pb_row column_structure=&#8220;1_2,1_2&#8243; _builder_version=&#8220;4.27.5&#8243; _module_preset=&#8220;default&#8220; custom_padding=&#8220;||||false|false&#8220; global_colors_info=&#8220;{}&#8220;][et_pb_column type=&#8220;1_2&#8243; _builder_version=&#8220;4.27.5&#8243; _module_preset=&#8220;default&#8220; global_colors_info=&#8220;{}&#8220;][et_pb_text content_last_edited=&#8220;off|tablet&#8220; _builder_version=&#8220;4.27.5&#8243; _module_preset=&#8220;default&#8220; header_font=&#8220;|600||on|||||&#8220; header_text_color=&#8220;#ffffff&#8220; header_font_size=&#8220;60px&#8220; header_font_size_tablet=&#8220;60px&#8220; header_font_size_phone=&#8220;35px&#8220; header_font_size_last_edited=&#8220;on|phone&#8220; header_text_shadow_style=&#8220;preset1&#8243; global_colors_info=&#8220;{}&#8220;]<\/p>\n<h1>EU-Projekte<\/h1>\n<p>[\/et_pb_text][et_pb_text quote_border_color=&#8220;#0192DC&#8220; _builder_version=&#8220;4.27.5&#8243; _module_preset=&#8220;default&#8220; text_font_size=&#8220;24px&#8220; text_line_height=&#8220;2em&#8220; ul_font_size=&#8220;20px&#8220; ul_line_height=&#8220;1.7em&#8220; quote_font=&#8220;||on||||||&#8220; quote_text_color=&#8220;#FFDF00&#8243; header_3_font=&#8220;|700|||||||&#8220; header_3_text_color=&#8220;#FFDF00&#8243; header_3_font_size=&#8220;25px&#8220; header_4_text_color=&#8220;#EDF000&#8243; width_tablet=&#8220;50%&#8220; width_phone=&#8220;90%&#8220; width_last_edited=&#8220;on|phone&#8220; quote_font_size_tablet=&#8220;&#8220; quote_font_size_phone=&#8220;18px&#8220; quote_font_size_last_edited=&#8220;on|phone&#8220; global_colors_info=&#8220;{}&#8220;]<\/p>\n<blockquote>\n<p data-start=\"509\" data-end=\"574\">Projekte, die Fluokov voranbringen<\/p>\n<\/blockquote>\n<p>[\/et_pb_text][et_pb_text quote_border_color=&#8220;#0192DC&#8220; _builder_version=&#8220;4.27.5&#8243; _module_preset=&#8220;default&#8220; text_font_size=&#8220;24px&#8220; text_line_height=&#8220;2em&#8220; ul_font_size=&#8220;20px&#8220; ul_line_height=&#8220;1.7em&#8220; quote_text_color=&#8220;#FFDF00&#8243; quote_font_size=&#8220;22px&#8220; header_3_font=&#8220;|700|||||||&#8220; header_3_text_color=&#8220;#FFDF00&#8243; header_4_text_color=&#8220;#EDF000&#8243; width=&#8220;100%&#8220; width_tablet=&#8220;60%&#8220; width_phone=&#8220;80%&#8220; width_last_edited=&#8220;on|phone&#8220; text_font_size_tablet=&#8220;20px&#8220; text_font_size_phone=&#8220;18px&#8220; text_font_size_last_edited=&#8220;on|tablet&#8220; quote_font_size_tablet=&#8220;18px&#8220; quote_font_size_phone=&#8220;16px&#8220; quote_font_size_last_edited=&#8220;on|desktop&#8220; header_3_font_size_tablet=&#8220;22px&#8220; header_3_font_size_phone=&#8220;18px&#8220; header_3_font_size_last_edited=&#8220;on|phone&#8220; locked=&#8220;off&#8220; global_colors_info=&#8220;{}&#8220;]<\/p>\n<p>Dank der Umsetzung von Projekten, die von EU-Fonds unterst\u00fctzt werden, wird die Wettbewerbsf\u00e4higkeit des Unternehmens durch die Modernisierung von Technologien, die Rationalisierung von Prozessen und die Entwicklung von Produktionskapazit\u00e4ten gesteigert.<\/p>\n<p>[\/et_pb_text][\/et_pb_column][et_pb_column type=&#8220;1_2&#8243; _builder_version=&#8220;4.27.5&#8243; _module_preset=&#8220;default&#8220; global_colors_info=&#8220;{}&#8220;][\/et_pb_column][\/et_pb_row][\/et_pb_section][et_pb_section fb_built=&#8220;1&#8243; _builder_version=&#8220;4.16&#8243; _module_preset=&#8220;default&#8220; background_enable_color=&#8220;off&#8220; use_background_color_gradient=&#8220;on&#8220; background_color_gradient_stops=&#8220;rgba(0,25,66,0.9) 0%|rgba(0,25,66,0.9) 100%&#8220; background_color_gradient_overlays_image=&#8220;on&#8220; background_color_gradient_start=&#8220;rgba(0,25,66,0.9)&#8220; background_color_gradient_end=&#8220;rgba(0,25,66,0.9)&#8220; background_image=&#8220;https:\/\/www.fluokov.cz\/wp-content\/uploads\/2021\/05\/background-819054_1920.jpg&#8220; background_size=&#8220;initial&#8220; background_repeat=&#8220;repeat-y&#8220; custom_padding=&#8220;||119px|||&#8220; top_divider_height=&#8220;44px&#8220; global_colors_info=&#8220;{}&#8220;][et_pb_row _builder_version=&#8220;4.16&#8243; _module_preset=&#8220;default&#8220; global_colors_info=&#8220;{}&#8220;][et_pb_column type=&#8220;4_4&#8243; _builder_version=&#8220;4.16&#8243; _module_preset=&#8220;default&#8220; global_colors_info=&#8220;{}&#8220;][et_pb_heading title=&#8220;Umsetzung von Energieeinsparungen bei Fluokov s.r.o.&#8220; _builder_version=&#8220;4.27.5&#8243; _module_preset=&#8220;default&#8220; title_level=&#8220;h2&#8243; title_font=&#8220;|||on|||||&#8220; title_font_size=&#8220;50px&#8220; title_font_size_tablet=&#8220;45px&#8220; title_font_size_phone=&#8220;35px&#8220; title_font_size_last_edited=&#8220;on|phone&#8220; locked=&#8220;off&#8220; global_colors_info=&#8220;{}&#8220;][\/et_pb_heading][et_pb_text _builder_version=&#8220;4.27.5&#8243; _module_preset=&#8220;default&#8220; text_font_size=&#8220;24px&#8220; text_line_height=&#8220;2em&#8220; header_2_text_color=&#8220;#EDF000&#8243; header_3_font=&#8220;|700|||||||&#8220; header_3_text_color=&#8220;#FFDF00&#8243; header_3_font_size=&#8220;25px&#8220; global_colors_info=&#8220;{}&#8220;]<\/p>\n<h3 data-start=\"485\" data-end=\"719\">  wird von der Europ\u00e4ischen Union kofinanziert.<\/h3>\n<p data-start=\"485\" data-end=\"719\">Gegenstand des Projekts war die Umsetzung von Energieeinsparungen im Unternehmen Fluokov s.r.o. Das Projekt umfasste den Austausch der Produktionstechnik und die Installation einer PV-Anlage im Werk des Unternehmens. <\/p>\n<p>[\/et_pb_text][et_pb_image src=&#8220;https:\/\/www.fluokov.cz\/wp-content\/uploads\/2026\/02\/loga-eu-a-MOP.jpg&#8220; title_text=&#8220;die Logos der EU und der ILO&#8220; _builder_version=&#8220;4.27.5&#8243; _module_preset=&#8220;default&#8220; global_colors_info=&#8220;{}&#8220;][\/et_pb_image][\/et_pb_column][\/et_pb_row][\/et_pb_section][et_pb_section fb_built=&#8220;1&#8243; module_id=&#8220;transportieren&#8220; _builder_version=&#8220;4.27.5&#8243; _module_preset=&#8220;default&#8220; background_color=&#8220;#182E54&#8243; background_enable_image=&#8220;off&#8220; top_divider_color=&#8220;#182e54&#8243; top_divider_flip=&#8220;vertical&#8220; locked=&#8220;off&#8220; global_colors_info=&#8220;{}&#8220;][et_pb_row _builder_version=&#8220;4.16&#8243; _module_preset=&#8220;default&#8220; global_colors_info=&#8220;{}&#8220;][et_pb_column type=&#8220;4_4&#8243; _builder_version=&#8220;4.16&#8243; _module_preset=&#8220;default&#8220; global_colors_info=&#8220;{}&#8220;][et_pb_heading title=&#8220;Intelligentes Kleingeld in Fluokov&#8220; _builder_version=&#8220;4.27.5&#8243; _module_preset=&#8220;default&#8220; title_level=&#8220;h2&#8243; title_font=&#8220;|||on|||||&#8220; title_font_size=&#8220;50px&#8220; title_font_size_tablet=&#8220;45px&#8220; title_font_size_phone=&#8220;35px&#8220; title_font_size_last_edited=&#8220;on|phone&#8220; locked=&#8220;off&#8220; global_colors_info=&#8220;{}&#8220;][\/et_pb_heading][\/et_pb_column][\/et_pb_row][et_pb_row column_structure=&#8220;1_3,1_3,1_3&#8243; _builder_version=&#8220;4.16&#8243; _module_preset=&#8220;default&#8220; global_colors_info=&#8220;{}&#8220;][et_pb_column type=&#8220;1_3&#8243; _builder_version=&#8220;4.16&#8243; _module_preset=&#8220;default&#8220; global_colors_info=&#8220;{}&#8220;][et_pb_text _builder_version=&#8220;4.27.5&#8243; _module_preset=&#8220;default&#8220; text_font_size=&#8220;24px&#8220; text_line_height=&#8220;2em&#8220; ol_line_height=&#8220;2em&#8220; header_2_text_color=&#8220;#EDF000&#8243; header_3_font=&#8220;|700|||||||&#8220; header_3_text_color=&#8220;#FFDF00&#8243; header_3_font_size=&#8220;25px&#8220; text_font_size_tablet=&#8220;20px&#8220; text_font_size_phone=&#8220;18px&#8220; text_font_size_last_edited=&#8220;on|phone&#8220; global_colors_info=&#8220;{}&#8220;]<\/p>\n<h3><strong>Spender:<\/strong><\/h3>\n<p>MINISTERIUM F\u00dcR ARBEIT UND SOZIALE ANGELEGENHEITEN DER TSCHECHISCHEN REPUBLIK<\/p>\n<h3><strong>Die Finanzierung:<\/strong><\/h3>\n<p>ESF &#8211; Operationelles Programm BESCH\u00c4FTIGUNG<\/p>\n<h3><strong>Dauer:<\/strong><\/h3>\n<p>Januar 2020 bis Dezember 2021<\/p>\n<h3><strong>Registrierungsnummer des Projekts:<\/strong><\/h3>\n<p>CZ.03.1.52\/0.0\/0.0\/17_079\/0009470<\/p>\n<p>&nbsp;<\/p>\n<p>[\/et_pb_text][\/et_pb_column][et_pb_column type=&#8220;1_3&#8243; _builder_version=&#8220;4.16&#8243; _module_preset=&#8220;default&#8220; global_colors_info=&#8220;{}&#8220;][et_pb_text _builder_version=&#8220;4.27.5&#8243; _module_preset=&#8220;default&#8220; text_font_size=&#8220;24px&#8220; text_line_height=&#8220;2em&#8220; ol_line_height=&#8220;2em&#8220; header_2_text_color=&#8220;#EDF000&#8243; header_3_font=&#8220;|700|||||||&#8220; header_3_text_color=&#8220;#FFDF00&#8243; header_3_font_size=&#8220;25px&#8220; text_font_size_tablet=&#8220;20px&#8220; text_font_size_phone=&#8220;18px&#8220; text_font_size_last_edited=&#8220;on|phone&#8220; global_colors_info=&#8220;{}&#8220;]<\/p>\n<h3><strong>Kurze Beschreibung:<\/strong><\/h3>\n<p>Ziel des Projekts war es, ein strategisches System, konkrete Pl\u00e4ne und Ma\u00dfnahmen f\u00fcr die Umsetzung des Altersmanagements in unserem Unternehmen zu schaffen. Im Rahmen der Folgeaktivit\u00e4ten war geplant, ein System der generationen\u00fcbergreifenden Zusammenarbeit einzuf\u00fchren und die Kenntnisse und F\u00e4higkeiten von F\u00fchrungskr\u00e4ften im Bereich des Managements von Mitarbeitern im Hinblick auf ihre Altersvielfalt zu entwickeln. Das Projekt zielt auch darauf ab, die Gesundheit und Zufriedenheit der Mitarbeiter zu verbessern.  <\/p>\n<p>[\/et_pb_text][\/et_pb_column][et_pb_column type=&#8220;1_3&#8243; _builder_version=&#8220;4.16&#8243; _module_preset=&#8220;default&#8220; global_colors_info=&#8220;{}&#8220;][et_pb_text _builder_version=&#8220;4.27.5&#8243; _module_preset=&#8220;default&#8220; text_font_size=&#8220;24px&#8220; text_line_height=&#8220;2em&#8220; ol_line_height=&#8220;2em&#8220; header_2_text_color=&#8220;#EDF000&#8243; header_3_font=&#8220;|700|||||||&#8220; header_3_text_color=&#8220;#FFDF00&#8243; header_3_font_size=&#8220;25px&#8220; text_font_size_tablet=&#8220;20px&#8220; text_font_size_phone=&#8220;18px&#8220; text_font_size_last_edited=&#8220;on|phone&#8220; global_colors_info=&#8220;{}&#8220;]<\/p>\n<h3><strong>Die wichtigsten Aktivit\u00e4ten:<\/strong><\/h3>\n<ol>\n<li>Schaffung eines strategischen Altersmanagementsystems<\/li>\n<li>Entwicklung von F\u00fchrungskr\u00e4ften und Ausbildung interner Mentoren<\/li>\n<li>F\u00f6rderung von Arbeitsergonomie und Mitarbeitergesundheit<\/li>\n<\/ol>\n<h3><strong>Anzahl der Teilnehmer<\/strong><\/h3>\n<p>(immaterielle Unterst\u00fctzung): 15<\/p>\n<p>[\/et_pb_text][\/et_pb_column][\/et_pb_row][et_pb_row _builder_version=&#8220;4.16&#8243; _module_preset=&#8220;default&#8220; global_colors_info=&#8220;{}&#8220;][et_pb_column type=&#8220;4_4&#8243; _builder_version=&#8220;4.16&#8243; _module_preset=&#8220;default&#8220; global_colors_info=&#8220;{}&#8220;][et_pb_image src=&#8220;https:\/\/www.fluokov.cz\/wp-content\/uploads\/2021\/06\/Logo-OPZ-barevne.jpg&#8220; title_text=&#8220;OPZ Logo in Farbe+\u0119&#8220; _builder_version=&#8220;4.27.5&#8243; _module_preset=&#8220;default&#8220; global_colors_info=&#8220;{}&#8220;][\/et_pb_image][\/et_pb_column][\/et_pb_row][\/et_pb_section][et_pb_section fb_built=&#8220;1&#8243; _builder_version=&#8220;4.27.5&#8243; _module_preset=&#8220;default&#8220; use_background_color_gradient=&#8220;on&#8220; background_color_gradient_stops=&#8220;rgba(209,209,209,0.8) 0%|rgba(209,209,209,0.8) 99%&#8220; background_color_gradient_overlays_image=&#8220;on&#8220; background_image=&#8220;https:\/\/www.fluokov.cz\/wp-content\/uploads\/2021\/05\/background-819054_1920.jpg&#8220; parallax=&#8220;on&#8220; custom_padding=&#8220;150px|||||&#8220; top_divider_style=&#8220;triangle&#8220; top_divider_color=&#8220;#182E54&#8243; top_divider_flip=&#8220;vertical&#8220; global_module=&#8220;1731&#8243; global_colors_info=&#8220;{}&#8220;][et_pb_row _builder_version=&#8220;4.27.5&#8243; _module_preset=&#8220;default&#8220; global_colors_info=&#8220;{}&#8220;][et_pb_column type=&#8220;4_4&#8243; _builder_version=&#8220;4.27.5&#8243; _module_preset=&#8220;default&#8220; global_colors_info=&#8220;{}&#8220;][et_pb_text _builder_version=&#8220;4.27.5&#8243; _module_preset=&#8220;default&#8220; text_text_color=&#8220;#0C4D86&#8243; text_font_size=&#8220;22px&#8220; text_line_height=&#8220;1.8em&#8220; header_3_font=&#8220;|700|||||||&#8220; header_3_text_color=&#8220;#0C4D86&#8243; header_3_font_size=&#8220;30px&#8220; text_orientation=&#8220;center&#8220; global_colors_info=&#8220;{}&#8220;]<\/p>\n<h3 style=\"text-align: center;\">Brauchen Sie einen zuverl\u00e4ssigen Partner f\u00fcr die Metallproduktion?<\/h3>\n<p>Schicken Sie eine Zeichnung oder eine Beschreibung der Aufgabe.<br data-start=\"2058\" data-end=\"2061\">Wir werden Ihnen sofort mitteilen, ob und wann wir es schaffen k\u00f6nnen.<\/p>\n<p>[\/et_pb_text][et_pb_button button_url=&#8220;@ET-DC@eyJkeW5hbWljIjp0cnVlLCJjb250ZW50IjoicG9zdF9saW5rX3VybF9wYWdlIiwic2V0dGluZ3MiOnsicG9zdF9pZCI6IjE2NjYiLCJlbmFibGVfaHRtbCI6Im9mZiJ9fQ==@&#8220; button_text=&#8220;Unverbindliche Anfrage Produktion&#8220; button_alignment=&#8220;center&#8220; _builder_version=&#8220;4.27.5&#8243; _dynamic_attributes=&#8220;button_url&#8220; _module_preset=&#8220;default&#8220; custom_button=&#8220;on&#8220; button_text_size=&#8220;26px&#8220; button_text_color=&#8220;#FFDF00&#8243; button_bg_color=&#8220;#0C4D86&#8243; button_font=&#8220;|600||on|||||&#8220; global_colors_info=&#8220;{}&#8220;][\/et_pb_button][et_pb_image src=&#8220;https:\/\/www.fluokov.cz\/wp-content\/uploads\/2026\/01\/logo-Fluokov-blue-960\u00d7450.png&#8220; title_text=&#8220;Fluokov-Blau-960\u00d7450 Logo&#8220; _builder_version=&#8220;4.27.5&#8243; _module_preset=&#8220;default&#8220; width=&#8220;45%&#8220; module_alignment=&#8220;center&#8220; custom_margin=&#8220;60px|||||&#8220; global_colors_info=&#8220;{}&#8220;][\/et_pb_image][\/et_pb_column][\/et_pb_row][\/et_pb_section][et_pb_section fb_built=&#8220;1&#8243; custom_padding_last_edited=&#8220;off|desktop&#8220; admin_label=&#8220;Footer&#8220; _builder_version=&#8220;4.27.5&#8243; _module_preset=&#8220;default&#8220; background_enable_color=&#8220;off&#8220; use_background_color_gradient=&#8220;on&#8220; background_color_gradient_stops=&#8220;rgba(0,25,66,0.9) 0%|rgba(0,25,66,0.9) 100%&#8220; background_color_gradient_overlays_image=&#8220;on&#8220; background_image=&#8220;https:\/\/www.fluokov.cz\/wp-content\/uploads\/2021\/05\/background-819054_1920.jpg&#8220; custom_margin=&#8220;|||&#8220; custom_padding=&#8220;20px|0px|20px|0px|true|false&#8220; custom_padding_tablet=&#8220;10vw||10vw||true&#8220; custom_padding_phone=&#8220;5vw||5vw||true&#8220; border_width_top=&#8220;2px&#8220; border_color_top=&#8220;#EDF000&#8243; global_module=&#8220;594&#8243; saved_tabs=&#8220;all&#8220; locked=&#8220;off&#8220; global_colors_info=&#8220;{}&#8220;][et_pb_row column_structure=&#8220;1_3,1_3,1_3&#8243; _builder_version=&#8220;4.17.4&#8243; _module_preset=&#8220;default&#8220; global_colors_info=&#8220;{}&#8220;][et_pb_column type=&#8220;1_3&#8243; _builder_version=&#8220;4.17.4&#8243; _module_preset=&#8220;default&#8220; global_colors_info=&#8220;{}&#8220;][et_pb_blurb title=&#8220;Adresse des Hauptsitzes&#8220; use_icon=&#8220;on&#8220; font_icon=&#8220;&#xe081;||divi||400&#8243; icon_color=&#8220;#ffa727&#8243; icon_placement=&#8220;left&#8220; image_icon_width=&#8220;28px&#8220; content_max_width=&#8220;1100px&#8220; _builder_version=&#8220;4.18.0&#8243; _module_preset=&#8220;default&#8220; header_font=&#8220;|300|||||||&#8220; header_font_size=&#8220;22px&#8220; header_line_height=&#8220;1.2em&#8220; body_font=&#8220;||||||||&#8220; body_font_size=&#8220;16px&#8220; body_line_height=&#8220;1.8em&#8220; background_layout=&#8220;dark&#8220; custom_padding=&#8220;|||&#8220; animation_style=&#8220;fold&#8220; animation_delay=&#8220;150ms&#8220; animation=&#8220;off&#8220; icon_font_size=&#8220;28px&#8220; locked=&#8220;off&#8220; global_colors_info=&#8220;{}&#8220;]<\/p>\n<p><span>Fluokov s.r.o.<\/span><br \/><span>D\u016fln\u00ed 106, Sob\u011bdruhy<\/span><br \/><span>415 10 Teplice<\/span><\/p>\n<p>[\/et_pb_blurb][et_pb_text _builder_version=&#8220;4.27.5&#8243; _module_preset=&#8220;default&#8220; text_font_size=&#8220;14px&#8220; global_colors_info=&#8220;{}&#8220;]<\/p>\n<p><a href=\"https:\/\/www.fluokov.cz\/?page_id=2242&#038;lang=de\" target=\"_blank\" rel=\"noopener\">Datenschutzrichtlinie (GDPR)<\/a><\/p>\n<p><a href=\"https:\/\/www.fluokov.cz\/zasady-cookies-eu\/\">Coockies Politik (EU)<\/a><\/p>\n<p>[\/et_pb_text][\/et_pb_column][et_pb_column type=&#8220;1_3&#8243; _builder_version=&#8220;4.17.4&#8243; _module_preset=&#8220;default&#8220; global_colors_info=&#8220;{}&#8220;][et_pb_blurb title=&#8220;Rufen Sie uns an&#8220; use_icon=&#8220;on&#8220; font_icon=&#8220;&#xe090;||divi||400&#8243; icon_color=&#8220;#ffa727&#8243; icon_placement=&#8220;left&#8220; image_icon_width=&#8220;28px&#8220; content_max_width=&#8220;1100px&#8220; _builder_version=&#8220;4.27.5&#8243; _module_preset=&#8220;default&#8220; header_font=&#8220;|300|||||||&#8220; header_font_size=&#8220;22px&#8220; header_line_height=&#8220;1.2em&#8220; body_font=&#8220;||||||||&#8220; body_font_size=&#8220;16px&#8220; body_line_height=&#8220;1.8em&#8220; background_layout=&#8220;dark&#8220; custom_padding=&#8220;|||&#8220; animation_style=&#8220;fold&#8220; animation_delay=&#8220;150ms&#8220; animation=&#8220;off&#8220; icon_font_size=&#8220;28px&#8220; locked=&#8220;off&#8220; global_colors_info=&#8220;{}&#8220;]<\/p>\n<p><span>+420 417 560 679<\/span><\/p>\n<p>[\/et_pb_blurb][et_pb_blurb title=&#8220;Schreiben Sie uns&#8220; use_icon=&#8220;on&#8220; font_icon=&#8220;&#xf1fa;||fa||900&#8243; icon_color=&#8220;#ffa727&#8243; icon_placement=&#8220;left&#8220; image_icon_width=&#8220;28px&#8220; content_max_width=&#8220;1100px&#8220; _builder_version=&#8220;4.18.0&#8243; _module_preset=&#8220;default&#8220; header_font=&#8220;|300|||||||&#8220; header_font_size=&#8220;22px&#8220; header_line_height=&#8220;1.2em&#8220; body_font=&#8220;||||||||&#8220; body_font_size=&#8220;16px&#8220; body_line_height=&#8220;1.8em&#8220; background_layout=&#8220;dark&#8220; custom_padding=&#8220;|||&#8220; animation_style=&#8220;fold&#8220; animation_delay=&#8220;150ms&#8220; animation=&#8220;off&#8220; icon_font_size=&#8220;28px&#8220; locked=&#8220;off&#8220; global_colors_info=&#8220;{}&#8220;]<\/p>\n<p>firma@fluokov.cz<\/p>\n<p>[\/et_pb_blurb][\/et_pb_column][et_pb_column type=&#8220;1_3&#8243; _builder_version=&#8220;4.17.4&#8243; _module_preset=&#8220;default&#8220; global_colors_info=&#8220;{}&#8220;][et_pb_blurb title=&#8220;Whistleblowing-Kanal&#8220; image=&#8220;https:\/\/www.fluokov.cz\/wp-content\/uploads\/2023\/09\/qr.png&#8220; image_icon_width=&#8220;100px&#8220; content_max_width=&#8220;1100px&#8220; _builder_version=&#8220;4.18.0&#8243; _module_preset=&#8220;default&#8220; header_font=&#8220;|300|||||||&#8220; header_text_align=&#8220;center&#8220; header_font_size=&#8220;22px&#8220; header_line_height=&#8220;1.2em&#8220; body_font=&#8220;||||||||&#8220; body_font_size=&#8220;16px&#8220; body_line_height=&#8220;1.8em&#8220; background_layout=&#8220;dark&#8220; custom_padding=&#8220;|||&#8220; animation_style=&#8220;fold&#8220; animation_delay=&#8220;150ms&#8220; animation=&#8220;off&#8220; border_width_all_image=&#8220;3px&#8220; border_color_all_image=&#8220;#FFFFFF&#8220; icon_font_size=&#8220;28px&#8220; locked=&#8220;off&#8220; global_colors_info=&#8220;{}&#8220;][\/et_pb_blurb][\/et_pb_column][\/et_pb_row][\/et_pb_section]<\/p>\n","protected":false},"excerpt":{"rendered":"<p>EU-Projekte Projekte, die Fluokov voranbringen Dank der Umsetzung von Projekten, die von EU-Fonds unterst\u00fctzt werden, wird die Wettbewerbsf\u00e4higkeit des Unternehmens durch die Modernisierung von Technologien, die Rationalisierung von Prozessen und die Entwicklung von Produktionskapazit\u00e4ten gesteigert. wird von der Europ\u00e4ischen Union kofinanziert. Gegenstand des Projekts war die Umsetzung von Energieeinsparungen im Unternehmen Fluokov s.r.o. Das Projekt [&hellip;]<\/p>\n","protected":false},"author":1,"featured_media":0,"parent":0,"menu_order":0,"comment_status":"closed","ping_status":"closed","template":"","meta":{"_et_pb_use_builder":"on","_et_pb_old_content":"","_et_gb_content_width":"","footnotes":""},"class_list":["post-2266","page","type-page","status-publish","hentry"],"_links":{"self":[{"href":"https:\/\/www.fluokov.cz\/de\/wp-json\/wp\/v2\/pages\/2266","targetHints":{"allow":["GET"]}}],"collection":[{"href":"https:\/\/www.fluokov.cz\/de\/wp-json\/wp\/v2\/pages"}],"about":[{"href":"https:\/\/www.fluokov.cz\/de\/wp-json\/wp\/v2\/types\/page"}],"author":[{"embeddable":true,"href":"https:\/\/www.fluokov.cz\/de\/wp-json\/wp\/v2\/users\/1"}],"replies":[{"embeddable":true,"href":"https:\/\/www.fluokov.cz\/de\/wp-json\/wp\/v2\/comments?post=2266"}],"version-history":[{"count":5,"href":"https:\/\/www.fluokov.cz\/de\/wp-json\/wp\/v2\/pages\/2266\/revisions"}],"predecessor-version":[{"id":2272,"href":"https:\/\/www.fluokov.cz\/de\/wp-json\/wp\/v2\/pages\/2266\/revisions\/2272"}],"wp:attachment":[{"href":"https:\/\/www.fluokov.cz\/de\/wp-json\/wp\/v2\/media?parent=2266"}],"curies":[{"name":"wp","href":"https:\/\/api.w.org\/{rel}","templated":true}]}}