{"id":2242,"date":"2026-03-17T11:16:34","date_gmt":"2026-03-17T10:16:34","guid":{"rendered":"https:\/\/www.fluokov.cz\/gdpr\/"},"modified":"2026-03-17T12:57:18","modified_gmt":"2026-03-17T11:57:18","slug":"gdpr","status":"publish","type":"page","link":"https:\/\/www.fluokov.cz\/de\/gdpr\/","title":{"rendered":"GDPR"},"content":{"rendered":"<p>[et_pb_section fb_built=&#8220;1&#8243; _builder_version=&#8220;4.27.6&#8243; _module_preset=&#8220;default&#8220; use_background_color_gradient=&#8220;on&#8220; background_color_gradient_stops=&#8220;rgba(24,46,84,0) 0%|rgba(24,46,84,0) 99%&#8220; background_color_gradient_overlays_image=&#8220;on&#8220; background_image=&#8220;https:\/\/www.fluokov.cz\/wp-content\/uploads\/2026\/03\/gdpr-fluokov-web-1.jpg&#8220; background_enable_mask_style=&#8220;on&#8220; background_mask_style=&#8220;caret&#8220; background_mask_color=&#8220;#182e54&#8243; background_mask_size=&#8220;cover&#8220; bottom_divider_color=&#8220;#EDF000&#8243; background_last_edited=&#8220;on|tablet&#8220; background_size_tablet=&#8220;cover&#8220; background_position_tablet=&#8220;center_left&#8220; background_horizontal_offset_tablet=&#8220;80%&#8220; background_horizontal_offset_phone=&#8220;80%&#8220; background_vertical_offset_tablet=&#8220;100%&#8220; background_enable_mask_style_phone=&#8220;on&#8220; background_mask_style_phone=&#8220;triangles&#8220; background_mask_size_phone=&#8220;stretch&#8220; locked=&#8220;off&#8220; global_colors_info=&#8220;{}&#8220;][et_pb_row column_structure=&#8220;1_2,1_2&#8243; _builder_version=&#8220;4.27.5&#8243; _module_preset=&#8220;default&#8220; custom_padding=&#8220;||||false|false&#8220; global_colors_info=&#8220;{}&#8220;][et_pb_column type=&#8220;1_2&#8243; _builder_version=&#8220;4.27.5&#8243; _module_preset=&#8220;default&#8220; global_colors_info=&#8220;{}&#8220;][et_pb_text content_tablet=&#8220;<\/p>\n<h1>Schutz von<br \/>pers\u00f6nlichen<br \/>Daten (GDPR)<\/h1>\n<p>&#8220; content_phone=&#8220;<\/p>\n<h1>Datenschutz (GDPR)<\/h1>\n<p>&#8220; content_last_edited=&#8220;on|phone&#8220; _builder_version=&#8220;4.27.5&#8243; _module_preset=&#8220;default&#8220; header_font=&#8220;|600||on|||||&#8220; header_text_color=&#8220;#ffffff&#8220; header_font_size=&#8220;60px&#8220; width=&#8220;100%&#8220; width_tablet=&#8220;75%&#8220; width_phone=&#8220;75%&#8220; width_last_edited=&#8220;on|phone&#8220; header_font_size_tablet=&#8220;45px&#8220; header_font_size_phone=&#8220;35px&#8220; header_font_size_last_edited=&#8220;on|phone&#8220; header_2_font_size_tablet=&#8220;&#8220; header_2_font_size_phone=&#8220;&#8220; header_2_font_size_last_edited=&#8220;on|tablet&#8220; header_text_shadow_style=&#8220;preset1&#8243; global_colors_info=&#8220;{}&#8220;]<\/p>\n<h1>Datenschutz (GDPR)<\/h1>\n<p>[\/et_pb_text][et_pb_text quote_border_color=&#8220;#0192DC&#8220; _builder_version=&#8220;4.27.5&#8243; _module_preset=&#8220;default&#8220; text_font_size=&#8220;24px&#8220; text_line_height=&#8220;2em&#8220; ul_font_size=&#8220;20px&#8220; ul_line_height=&#8220;1.7em&#8220; quote_text_color=&#8220;#FFDF00&#8243; header_3_font=&#8220;|700|||||||&#8220; header_3_text_color=&#8220;#FFDF00&#8243; header_3_font_size=&#8220;25px&#8220; header_4_text_color=&#8220;#EDF000&#8243; width=&#8220;100%&#8220; width_tablet=&#8220;60%&#8220; width_phone=&#8220;60%&#8220; width_last_edited=&#8220;on|tablet&#8220; quote_font_size_tablet=&#8220;18px&#8220; quote_font_size_phone=&#8220;18px&#8220; quote_font_size_last_edited=&#8220;on|tablet&#8220; global_colors_info=&#8220;{}&#8220;]<\/p>\n<blockquote>\n<p data-start=\"509\" data-end=\"574\">\ud83d\udd12 Ihre Daten sind bei uns sicher.<\/p>\n<\/blockquote>\n<p>[\/et_pb_text][et_pb_text _builder_version=&#8220;4.27.5&#8243; _module_preset=&#8220;default&#8220; text_font_size=&#8220;20px&#8220; text_line_height=&#8220;2em&#8220; header_2_text_color=&#8220;#EDF000&#8243; width_tablet=&#8220;60%&#8220; width_phone=&#8220;80%&#8220; width_last_edited=&#8220;on|phone&#8220; global_colors_info=&#8220;{}&#8220;]<\/p>\n<p data-start=\"485\" data-end=\"719\">Wir respektieren Ihre Privatsph\u00e4re. Wir verarbeiten personenbezogene Daten verantwortungsbewusst, sicher und in \u00dcbereinstimmung mit der geltenden Gesetzgebung. <\/p>\n<p>[\/et_pb_text][\/et_pb_column][et_pb_column type=&#8220;1_2&#8243; _builder_version=&#8220;4.27.5&#8243; _module_preset=&#8220;default&#8220; global_colors_info=&#8220;{}&#8220;][\/et_pb_column][\/et_pb_row][\/et_pb_section][et_pb_section fb_built=&#8220;1&#8243; module_id=&#8220;Zusammenarbeit&#8220; _builder_version=&#8220;4.27.6&#8243; _module_preset=&#8220;default&#8220; use_background_color_gradient=&#8220;on&#8220; background_color_gradient_stops=&#8220;rgba(2,4,46,0.9) 0%|rgba(0,25,66,0.9) 100%&#8220; background_color_gradient_overlays_image=&#8220;on&#8220; background_image=&#8220;https:\/\/www.fluokov.cz\/wp-content\/uploads\/2021\/05\/background-819054_1920.jpg&#8220; custom_padding=&#8220;150px||150px|||&#8220; top_divider_style=&#8220;triangle&#8220; top_divider_color=&#8220;#182e54&#8243; top_divider_flip=&#8220;vertical&#8220; bottom_divider_flip=&#8220;vertical&#8220; hover_enabled=&#8220;0&#8243; global_colors_info=&#8220;{}&#8220; parallax=&#8220;on&#8220; sticky_enabled=&#8220;0&#8243; parallax_method=&#8220;off&#8220;][et_pb_row _builder_version=&#8220;4.27.5&#8243; _module_preset=&#8220;default&#8220; global_colors_info=&#8220;{}&#8220;][et_pb_column type=&#8220;4_4&#8243; _builder_version=&#8220;4.27.5&#8243; _module_preset=&#8220;default&#8220; global_colors_info=&#8220;{}&#8220;][et_pb_text _builder_version=&#8220;4.27.5&#8243; _module_preset=&#8220;default&#8220; header_2_text_color=&#8220;#FFDF00&#8243; global_colors_info=&#8220;{}&#8220;]<\/p>\n<h2 data-start=\"217\" data-end=\"245\">1. f\u00fcr die Verarbeitung personenbezogener Daten<\/h2>\n<p data-start=\"247\" data-end=\"274\">Der f\u00fcr die Datenverarbeitung Verantwortliche ist:<\/p>\n<p data-start=\"276\" data-end=\"369\"><strong data-start=\"276\" data-end=\"294\">Fluokov s.r.o.<\/strong><br data-start=\"294\" data-end=\"297\">D\u016fln\u00ed 106, Sob\u011bdruhy<br data-start=\"317\" data-end=\"320\">415 10 Teplice<br data-start=\"334\" data-end=\"337\">ID: 25013840<br data-start=\"349\" data-end=\"352\">VAT: CZ25013840<\/p>\n<p data-start=\"371\" data-end=\"451\">Das Unternehmen ist beim Landgericht in \u00dast\u00ed nad Labem, Abteilung C, Einsatz 11584, eingetragen.<\/p>\n<p data-start=\"453\" data-end=\"516\">\ud83d\udcde +420 417 560 679<br data-start=\"472\" data-end=\"475\"><a data-start=\"478\" data-end=\"494\" class=\"decorated-link cursor-pointer\" rel=\"noopener\">\ud83d\udce7 firma@fluokov.cz<span aria-hidden=\"true\" class=\"ms-0.5 inline-block align-middle leading-none\"><svg xmlns=\"http:\/\/www.w3.org\/2000\/svg\" width=\"20\" height=\"20\" aria-hidden=\"true\" data-rtl-flip=\"\" class=\"block h-[0.75em] w-[0.75em] stroke-current stroke-[0.75]\"><use href=\"\/cdn\/assets\/sprites-core-gvfid0kn.svg#304883\" fill=\"currentColor\"\/><\/svg><\/span><\/a><br data-start=\"494\" data-end=\"497\"> \ud83c\udf10 <a data-start=\"500\" data-end=\"514\" rel=\"noopener\" target=\"_new\" class=\"decorated-link\" href=\"http:\/\/www.fluokov.cz\/?lang=de\">www.fluokov.cz<span aria-hidden=\"true\" class=\"ms-0.5 inline-block align-middle leading-none\"><svg xmlns=\"http:\/\/www.w3.org\/2000\/svg\" width=\"20\" height=\"20\" aria-hidden=\"true\" data-rtl-flip=\"\" class=\"block h-[0.75em] w-[0.75em] stroke-current stroke-[0.75]\"><use href=\"\/cdn\/assets\/sprites-core-gvfid0kn.svg#304883\" fill=\"currentColor\"\/><\/svg><\/span><\/a><\/p>\n<p data-start=\"518\" data-end=\"538\">(im Folgenden als &#8222;Verwalter&#8220; bezeichnet)<\/p>\n<p data-start=\"540\" data-end=\"644\">Der f\u00fcr die Verarbeitung Verantwortliche verarbeitet personenbezogene Daten in \u00dcbereinstimmung mit der Verordnung (EU) 2016\/679 des Europ\u00e4ischen Parlaments und des Rates (GDPR).<\/p>\n<hr data-start=\"646\" data-end=\"649\">\n<h2 data-start=\"651\" data-end=\"687\">2. Welche pers\u00f6nlichen Daten wir verarbeiten<\/h2>\n<p data-start=\"689\" data-end=\"789\">Wir verarbeiten nur Daten, die Sie uns zur Verf\u00fcgung stellen oder die sich aus der Nutzung unserer Dienste ergeben.<\/p>\n<h3 data-start=\"791\" data-end=\"822\">Vom Benutzer bereitgestellte Daten<\/h3>\n<ul data-start=\"823\" data-end=\"982\">\n<li data-start=\"823\" data-end=\"843\">\n<p data-start=\"825\" data-end=\"843\">Vorname und Nachname<\/p>\n<\/li>\n<li data-start=\"844\" data-end=\"864\">\n<p data-start=\"846\" data-end=\"864\">E-Mail Adresse<\/p>\n<\/li>\n<li data-start=\"865\" data-end=\"884\">\n<p data-start=\"867\" data-end=\"884\">Rufnummer<\/p>\n<\/li>\n<li data-start=\"885\" data-end=\"905\">\n<p data-start=\"887\" data-end=\"905\">Rechnungsdaten<\/p>\n<\/li>\n<li data-start=\"906\" data-end=\"982\">\n<p data-start=\"908\" data-end=\"982\">den Inhalt von Nachrichten, die \u00fcber das Kontaktformular oder per E-Mail gesendet werden<\/p>\n<\/li>\n<\/ul>\n<h3 data-start=\"984\" data-end=\"1003\">Technische Daten<\/h3>\n<ul data-start=\"1004\" data-end=\"1100\">\n<li data-start=\"1004\" data-end=\"1017\">\n<p data-start=\"1006\" data-end=\"1017\">IP-Adresse<\/p>\n<\/li>\n<li data-start=\"1018\" data-end=\"1055\">\n<p data-start=\"1020\" data-end=\"1055\">Ger\u00e4te- und Browserinformationen<\/p>\n<\/li>\n<li data-start=\"1056\" data-end=\"1075\">\n<p data-start=\"1058\" data-end=\"1075\">Cookies<\/p>\n<\/li>\n<li data-start=\"1076\" data-end=\"1100\">\n<p data-start=\"1078\" data-end=\"1100\">Web-Zugriffsprotokolle<\/p>\n<\/li>\n<\/ul>\n<hr data-start=\"1102\" data-end=\"1105\">\n<h2 data-start=\"1107\" data-end=\"1144\">3. zwecke der verarbeitung von personenbezogenen Daten<\/h2>\n<p data-start=\"1146\" data-end=\"1182\">Wir verarbeiten personenbezogene Daten, um:<\/p>\n<ul data-start=\"1184\" data-end=\"1491\">\n<li data-start=\"1184\" data-end=\"1231\">\n<p data-start=\"1186\" data-end=\"1231\">Bearbeitung von Anfragen und Kommunikation mit Kunden<\/p>\n<\/li>\n<li data-start=\"1232\" data-end=\"1271\">\n<p data-start=\"1234\" data-end=\"1271\">Erbringung von Dienstleistungen und Erf\u00fcllung des Vertrags<\/p>\n<\/li>\n<li data-start=\"1272\" data-end=\"1317\">\n<p data-start=\"1274\" data-end=\"1317\">Auftragsabwicklung und Auftragsausf\u00fchrung<\/p>\n<\/li>\n<li data-start=\"1318\" data-end=\"1359\">\n<p data-start=\"1320\" data-end=\"1359\">Ausstellung von Buchhaltungs- und Steuerunterlagen<\/p>\n<\/li>\n<li data-start=\"1360\" data-end=\"1403\">\n<p data-start=\"1362\" data-end=\"1403\">Gew\u00e4hrleistung der Sicherheit der Website und der IT-Systeme<\/p>\n<\/li>\n<li data-start=\"1404\" data-end=\"1460\">\n<p data-start=\"1406\" data-end=\"1460\">Verbesserung unserer Dienstleistungen und Analyse des Website-Verkehrs<\/p>\n<\/li>\n<li data-start=\"1461\" data-end=\"1491\">\n<p data-start=\"1463\" data-end=\"1491\">Einhaltung der gesetzlichen Verpflichtungen<\/p>\n<\/li>\n<\/ul>\n<hr data-start=\"1493\" data-end=\"1496\">\n<h2 data-start=\"1498\" data-end=\"1528\">4. Rechtsgrundlage f\u00fcr die Verarbeitung<\/h2>\n<p data-start=\"1530\" data-end=\"1567\">Wir verarbeiten personenbezogene Daten auf der Grundlage von:<\/p>\n<ul data-start=\"1569\" data-end=\"1782\">\n<li data-start=\"1569\" data-end=\"1610\">\n<p data-start=\"1571\" data-end=\"1610\">die Erf\u00fcllung eines Vertrags oder die Aushandlung eines Vertrags<\/p>\n<\/li>\n<li data-start=\"1611\" data-end=\"1684\">\n<p data-start=\"1613\" data-end=\"1684\">das berechtigte Interesse des f\u00fcr die Verarbeitung Verantwortlichen (z. B. Sicherheit der Website, Verbesserung der Dienstleistungen)<\/p>\n<\/li>\n<li data-start=\"1685\" data-end=\"1716\">\n<p data-start=\"1687\" data-end=\"1716\">Einhaltung der gesetzlichen Verpflichtungen<\/p>\n<\/li>\n<li data-start=\"1717\" data-end=\"1782\">\n<p data-start=\"1719\" data-end=\"1782\">Zustimmung des Benutzers (z.B. Marketing oder analytische Cookies)<\/p>\n<\/li>\n<\/ul>\n<hr data-start=\"1784\" data-end=\"1787\">\n<h2 data-start=\"1789\" data-end=\"1823\">5. Aufbewahrungsfrist f\u00fcr personenbezogene Daten<\/h2>\n<p data-start=\"1825\" data-end=\"1879\">Wir bewahren personenbezogene Daten nur so lange auf, wie es unbedingt notwendig ist:<\/p>\n<ul data-start=\"1881\" data-end=\"2069\">\n<li data-start=\"1881\" data-end=\"1927\">\n<p data-start=\"1883\" data-end=\"1927\">Anfragen und Kommunikation: maximal 12 Monate<\/p>\n<\/li>\n<li data-start=\"1928\" data-end=\"1973\">\n<p data-start=\"1930\" data-end=\"1973\">Vertragsbeziehungen: f\u00fcr die Dauer der Zusammenarbeit<\/p>\n<\/li>\n<li data-start=\"1974\" data-end=\"2021\">\n<p data-start=\"1976\" data-end=\"2021\">Buchhaltungsunterlagen: gem\u00e4\u00df den gesetzlichen Bestimmungen (normalerweise 10 Jahre)<\/p>\n<\/li>\n<li data-start=\"2022\" data-end=\"2069\">\n<p data-start=\"2024\" data-end=\"2069\">Marketing-Zustimmungen: bis zum Widerruf der Zustimmung<\/p>\n<\/li>\n<\/ul>\n<hr data-start=\"2071\" data-end=\"2074\">\n<h2 data-start=\"2076\" data-end=\"2112\">6. Weitergabe von Daten an Dritte<\/h2>\n<p data-start=\"2114\" data-end=\"2186\">Personenbezogene Daten k\u00f6nnen insbesondere an vertrauensw\u00fcrdige Auftragsverarbeiter weitergegeben werden:<\/p>\n<ul data-start=\"2188\" data-end=\"2375\">\n<li data-start=\"2188\" data-end=\"2229\">\n<p data-start=\"2190\" data-end=\"2229\">Anbieter von Webhosting und IT-Dienstleistungen<\/p>\n<\/li>\n<li data-start=\"2230\" data-end=\"2259\">\n<p data-start=\"2232\" data-end=\"2259\">Buchhaltung und Steuerb\u00fcro<\/p>\n<\/li>\n<li data-start=\"2260\" data-end=\"2298\">\n<p data-start=\"2262\" data-end=\"2298\">Service und technische Lieferanten<\/p>\n<\/li>\n<li data-start=\"2299\" data-end=\"2334\">\n<p data-start=\"2301\" data-end=\"2334\">Spediteure bei der Ausf\u00fchrung von Vertr\u00e4gen<\/p>\n<\/li>\n<li data-start=\"2335\" data-end=\"2375\">\n<p data-start=\"2337\" data-end=\"2375\">Anbieter von Analysetools<\/p>\n<\/li>\n<\/ul>\n<p data-start=\"2377\" data-end=\"2449\">Wir haben mit allen Auftragsverarbeitern Vertr\u00e4ge \u00fcber die Verarbeitung personenbezogener Daten abgeschlossen.<\/p>\n<hr data-start=\"2451\" data-end=\"2454\">\n<h2 data-start=\"2456\" data-end=\"2472\">7. Ihre Rechte<\/h2>\n<p data-start=\"2474\" data-end=\"2529\">Im Zusammenhang mit der Verarbeitung von personenbezogenen Daten haben Sie das Recht auf:<\/p>\n<ul data-start=\"2531\" data-end=\"2818\">\n<li data-start=\"2531\" data-end=\"2575\">\n<p data-start=\"2533\" data-end=\"2575\">Zugang zu Ihren pers\u00f6nlichen Daten beantragen<\/p>\n<\/li>\n<li data-start=\"2576\" data-end=\"2613\">\n<p data-start=\"2578\" data-end=\"2613\">die Berichtigung unrichtiger Daten beantragen<\/p>\n<\/li>\n<li data-start=\"2614\" data-end=\"2648\">\n<p data-start=\"2616\" data-end=\"2648\">die L\u00f6schung personenbezogener Daten beantragen<\/p>\n<\/li>\n<li data-start=\"2649\" data-end=\"2681\">\n<p data-start=\"2651\" data-end=\"2681\">eine Einschr\u00e4nkung der Verarbeitung verlangen<\/p>\n<\/li>\n<li data-start=\"2682\" data-end=\"2717\">\n<p data-start=\"2684\" data-end=\"2717\">der Verarbeitung widersprechen<\/p>\n<\/li>\n<li data-start=\"2718\" data-end=\"2752\">\n<p data-start=\"2720\" data-end=\"2752\">Daten\u00fcbertragbarkeit verlangen<\/p>\n<\/li>\n<li data-start=\"2753\" data-end=\"2818\">\n<p data-start=\"2755\" data-end=\"2818\">eine Beschwerde beim Amt f\u00fcr den Schutz personenbezogener Daten einreichen<a data-start=\"2806\" data-end=\"2817\" rel=\"noopener\" target=\"_new\" class=\"decorated-link\" href=\"http:\/\/www.uoou.cz\">(www.uoou.cz<span aria-hidden=\"true\" class=\"ms-0.5 inline-block align-middle leading-none\"><svg xmlns=\"http:\/\/www.w3.org\/2000\/svg\" width=\"20\" height=\"20\" aria-hidden=\"true\" data-rtl-flip=\"\" class=\"block h-[0.75em] w-[0.75em] stroke-current stroke-[0.75]\"><use href=\"\/cdn\/assets\/sprites-core-gvfid0kn.svg#304883\" fill=\"currentColor\"\/><\/svg><\/span><\/a>)<\/p>\n<\/li>\n<\/ul>\n<hr data-start=\"2820\" data-end=\"2823\">\n<h2 data-start=\"2825\" data-end=\"2857\">8. Sicherheit der pers\u00f6nlichen Daten<\/h2>\n<p data-start=\"2859\" data-end=\"2981\">Wir haben technische und organisatorische Ma\u00dfnahmen getroffen, um personenbezogene Daten vor Missbrauch, Verlust oder unberechtigtem Zugriff zu sch\u00fctzen.<\/p>\n<p>[\/et_pb_text][\/et_pb_column][\/et_pb_row][\/et_pb_section][et_pb_section fb_built=&#8220;1&#8243; _builder_version=&#8220;4.27.6&#8243; _module_preset=&#8220;default&#8220; use_background_color_gradient=&#8220;on&#8220; background_color_gradient_stops=&#8220;rgba(209,209,209,0.8) 0%|rgba(209,209,209,0.8) 99%&#8220; background_color_gradient_overlays_image=&#8220;on&#8220; background_image=&#8220;https:\/\/www.fluokov.cz\/wp-content\/uploads\/2021\/05\/background-819054_1920.jpg&#8220; parallax=&#8220;on&#8220; custom_padding=&#8220;150px|||||&#8220; top_divider_style=&#8220;triangle&#8220; top_divider_color=&#8220;#182E54&#8243; top_divider_flip=&#8220;vertical&#8220; global_module=&#8220;1731&#8243; global_colors_info=&#8220;{}&#8220;][et_pb_row _builder_version=&#8220;4.27.5&#8243; _module_preset=&#8220;default&#8220; global_colors_info=&#8220;{}&#8220;][et_pb_column type=&#8220;4_4&#8243; _builder_version=&#8220;4.27.5&#8243; _module_preset=&#8220;default&#8220; global_colors_info=&#8220;{}&#8220;][et_pb_text _builder_version=&#8220;4.27.5&#8243; _module_preset=&#8220;default&#8220; text_text_color=&#8220;#0C4D86&#8243; text_font_size=&#8220;22px&#8220; text_line_height=&#8220;1.8em&#8220; header_3_font=&#8220;|700|||||||&#8220; header_3_text_color=&#8220;#0C4D86&#8243; header_3_font_size=&#8220;30px&#8220; text_orientation=&#8220;center&#8220; global_colors_info=&#8220;{}&#8220;]<\/p>\n<h3 style=\"text-align: center;\">Brauchen Sie einen zuverl\u00e4ssigen Partner f\u00fcr die Metallproduktion?<\/h3>\n<p>Schicken Sie eine Zeichnung oder eine Beschreibung der Aufgabe.<br data-start=\"2058\" data-end=\"2061\">Wir werden Ihnen sofort mitteilen, ob und wann wir es schaffen k\u00f6nnen.<\/p>\n<p>[\/et_pb_text][et_pb_button button_url=&#8220;@ET-DC@eyJkeW5hbWljIjp0cnVlLCJjb250ZW50IjoicG9zdF9saW5rX3VybF9wYWdlIiwic2V0dGluZ3MiOnsicG9zdF9pZCI6IjE2NjYifX0=@&#8220; button_text=&#8220;Unverbindliche Anfrage Produktion&#8220; button_alignment=&#8220;center&#8220; _builder_version=&#8220;4.27.5&#8243; _dynamic_attributes=&#8220;button_url&#8220; _module_preset=&#8220;default&#8220; custom_button=&#8220;on&#8220; button_text_size=&#8220;26px&#8220; button_text_color=&#8220;#FFDF00&#8243; button_bg_color=&#8220;#0C4D86&#8243; button_font=&#8220;|600||on|||||&#8220; global_colors_info=&#8220;{}&#8220;][\/et_pb_button][et_pb_image src=&#8220;https:\/\/www.fluokov.cz\/wp-content\/uploads\/2026\/01\/logo-Fluokov-blue-960\u00d7450.png&#8220; title_text=&#8220;Fluokov-Blau-960\u00d7450 Logo&#8220; _builder_version=&#8220;4.27.5&#8243; _module_preset=&#8220;default&#8220; width=&#8220;45%&#8220; module_alignment=&#8220;center&#8220; custom_margin=&#8220;60px|||||&#8220; global_colors_info=&#8220;{}&#8220;][\/et_pb_image][\/et_pb_column][\/et_pb_row][\/et_pb_section][et_pb_section fb_built=&#8220;1&#8243; custom_padding_last_edited=&#8220;off|desktop&#8220; admin_label=&#8220;Footer&#8220; _builder_version=&#8220;4.27.5&#8243; _module_preset=&#8220;default&#8220; background_enable_color=&#8220;off&#8220; use_background_color_gradient=&#8220;on&#8220; background_color_gradient_stops=&#8220;rgba(0,25,66,0.9) 0%|rgba(0,25,66,0.9) 100%&#8220; background_color_gradient_overlays_image=&#8220;on&#8220; background_image=&#8220;https:\/\/www.fluokov.cz\/wp-content\/uploads\/2021\/05\/background-819054_1920.jpg&#8220; custom_margin=&#8220;|||&#8220; custom_padding=&#8220;20px|0px|20px|0px|true|false&#8220; custom_padding_tablet=&#8220;10vw||10vw||true&#8220; custom_padding_phone=&#8220;5vw||5vw||true&#8220; border_width_top=&#8220;2px&#8220; border_color_top=&#8220;#EDF000&#8243; global_module=&#8220;594&#8243; saved_tabs=&#8220;all&#8220; locked=&#8220;off&#8220; global_colors_info=&#8220;{}&#8220;][et_pb_row column_structure=&#8220;1_3,1_3,1_3&#8243; _builder_version=&#8220;4.17.4&#8243; _module_preset=&#8220;default&#8220; global_colors_info=&#8220;{}&#8220;][et_pb_column type=&#8220;1_3&#8243; _builder_version=&#8220;4.17.4&#8243; _module_preset=&#8220;default&#8220; global_colors_info=&#8220;{}&#8220;][et_pb_blurb title=&#8220;Adresse des Hauptsitzes&#8220; use_icon=&#8220;on&#8220; font_icon=&#8220;&#xe081;||divi||400&#8243; icon_color=&#8220;#ffa727&#8243; icon_placement=&#8220;left&#8220; image_icon_width=&#8220;28px&#8220; content_max_width=&#8220;1100px&#8220; _builder_version=&#8220;4.18.0&#8243; _module_preset=&#8220;default&#8220; header_font=&#8220;|300|||||||&#8220; header_font_size=&#8220;22px&#8220; header_line_height=&#8220;1.2em&#8220; body_font=&#8220;||||||||&#8220; body_font_size=&#8220;16px&#8220; body_line_height=&#8220;1.8em&#8220; background_layout=&#8220;dark&#8220; custom_padding=&#8220;|||&#8220; animation_style=&#8220;fold&#8220; animation_delay=&#8220;150ms&#8220; animation=&#8220;off&#8220; icon_font_size=&#8220;28px&#8220; locked=&#8220;off&#8220; global_colors_info=&#8220;{}&#8220;]<\/p>\n<p><span>Fluokov s.r.o.<\/span><br \/><span>D\u016fln\u00ed 106, Sob\u011bdruhy<\/span><br \/><span>415 10 Teplice<\/span><\/p>\n<p>[\/et_pb_blurb][et_pb_text _builder_version=&#8220;4.27.5&#8243; _module_preset=&#8220;default&#8220; text_font_size=&#8220;14px&#8220; global_colors_info=&#8220;{}&#8220;]<\/p>\n<p><a href=\"https:\/\/www.fluokov.cz\/de\/gdpr\/?lang=de\" target=\"_blank\" rel=\"noopener\">Datenschutzrichtlinie (GDPR)<\/a><\/p>\n<p><a href=\"https:\/\/www.fluokov.cz\/de\/cookie-richtlinie-eu\/\">Coockies Politik (EU)<\/a><\/p>\n<p>[\/et_pb_text][\/et_pb_column][et_pb_column type=&#8220;1_3&#8243; _builder_version=&#8220;4.17.4&#8243; _module_preset=&#8220;default&#8220; global_colors_info=&#8220;{}&#8220;][et_pb_blurb title=&#8220;Rufen Sie uns an&#8220; use_icon=&#8220;on&#8220; font_icon=&#8220;&#xe090;||divi||400&#8243; icon_color=&#8220;#ffa727&#8243; icon_placement=&#8220;left&#8220; image_icon_width=&#8220;28px&#8220; content_max_width=&#8220;1100px&#8220; _builder_version=&#8220;4.27.5&#8243; _module_preset=&#8220;default&#8220; header_font=&#8220;|300|||||||&#8220; header_font_size=&#8220;22px&#8220; header_line_height=&#8220;1.2em&#8220; body_font=&#8220;||||||||&#8220; body_font_size=&#8220;16px&#8220; body_line_height=&#8220;1.8em&#8220; background_layout=&#8220;dark&#8220; custom_padding=&#8220;|||&#8220; animation_style=&#8220;fold&#8220; animation_delay=&#8220;150ms&#8220; animation=&#8220;off&#8220; icon_font_size=&#8220;28px&#8220; locked=&#8220;off&#8220; global_colors_info=&#8220;{}&#8220;]<\/p>\n<p><span>+420 417 560 679<\/span><\/p>\n<p>[\/et_pb_blurb][et_pb_blurb title=&#8220;Schreiben Sie uns&#8220; use_icon=&#8220;on&#8220; font_icon=&#8220;&#xf1fa;||fa||900&#8243; icon_color=&#8220;#ffa727&#8243; icon_placement=&#8220;left&#8220; image_icon_width=&#8220;28px&#8220; content_max_width=&#8220;1100px&#8220; _builder_version=&#8220;4.18.0&#8243; _module_preset=&#8220;default&#8220; header_font=&#8220;|300|||||||&#8220; header_font_size=&#8220;22px&#8220; header_line_height=&#8220;1.2em&#8220; body_font=&#8220;||||||||&#8220; body_font_size=&#8220;16px&#8220; body_line_height=&#8220;1.8em&#8220; background_layout=&#8220;dark&#8220; custom_padding=&#8220;|||&#8220; animation_style=&#8220;fold&#8220; animation_delay=&#8220;150ms&#8220; animation=&#8220;off&#8220; icon_font_size=&#8220;28px&#8220; locked=&#8220;off&#8220; global_colors_info=&#8220;{}&#8220;]<\/p>\n<p>firma@fluokov.cz<\/p>\n<p>[\/et_pb_blurb][\/et_pb_column][et_pb_column type=&#8220;1_3&#8243; _builder_version=&#8220;4.17.4&#8243; _module_preset=&#8220;default&#8220; global_colors_info=&#8220;{}&#8220;][et_pb_blurb title=&#8220;Whistleblowing-Kanal&#8220; image=&#8220;https:\/\/www.fluokov.cz\/wp-content\/uploads\/2023\/09\/qr.png&#8220; image_icon_width=&#8220;100px&#8220; content_max_width=&#8220;1100px&#8220; _builder_version=&#8220;4.18.0&#8243; _module_preset=&#8220;default&#8220; header_font=&#8220;|300|||||||&#8220; header_text_align=&#8220;center&#8220; header_font_size=&#8220;22px&#8220; header_line_height=&#8220;1.2em&#8220; body_font=&#8220;||||||||&#8220; body_font_size=&#8220;16px&#8220; body_line_height=&#8220;1.8em&#8220; background_layout=&#8220;dark&#8220; custom_padding=&#8220;|||&#8220; animation_style=&#8220;fold&#8220; animation_delay=&#8220;150ms&#8220; animation=&#8220;off&#8220; border_width_all_image=&#8220;3px&#8220; border_color_all_image=&#8220;#FFFFFF&#8220; icon_font_size=&#8220;28px&#8220; locked=&#8220;off&#8220; global_colors_info=&#8220;{}&#8220;][\/et_pb_blurb][\/et_pb_column][\/et_pb_row][\/et_pb_section]<\/p>\n","protected":false},"excerpt":{"rendered":"<p>Datenschutz (GDPR) \ud83d\udd12 Ihre Daten sind bei uns sicher. Wir respektieren Ihre Privatsph\u00e4re. Wir verarbeiten personenbezogene Daten verantwortungsbewusst, sicher und in \u00dcbereinstimmung mit der geltenden Gesetzgebung. 1. f\u00fcr die Verarbeitung personenbezogener Daten Der f\u00fcr die Datenverarbeitung Verantwortliche ist: Fluokov s.r.o.D\u016fln\u00ed 106, Sob\u011bdruhy415 10 TepliceID: 25013840VAT: CZ25013840 Das Unternehmen ist beim Landgericht in \u00dast\u00ed nad Labem, [&hellip;]<\/p>\n","protected":false},"author":1,"featured_media":0,"parent":0,"menu_order":0,"comment_status":"closed","ping_status":"closed","template":"","meta":{"_et_pb_use_builder":"on","_et_pb_old_content":"","_et_gb_content_width":"","footnotes":""},"class_list":["post-2242","page","type-page","status-publish","hentry"],"_links":{"self":[{"href":"https:\/\/www.fluokov.cz\/de\/wp-json\/wp\/v2\/pages\/2242","targetHints":{"allow":["GET"]}}],"collection":[{"href":"https:\/\/www.fluokov.cz\/de\/wp-json\/wp\/v2\/pages"}],"about":[{"href":"https:\/\/www.fluokov.cz\/de\/wp-json\/wp\/v2\/types\/page"}],"author":[{"embeddable":true,"href":"https:\/\/www.fluokov.cz\/de\/wp-json\/wp\/v2\/users\/1"}],"replies":[{"embeddable":true,"href":"https:\/\/www.fluokov.cz\/de\/wp-json\/wp\/v2\/comments?post=2242"}],"version-history":[{"count":5,"href":"https:\/\/www.fluokov.cz\/de\/wp-json\/wp\/v2\/pages\/2242\/revisions"}],"predecessor-version":[{"id":2414,"href":"https:\/\/www.fluokov.cz\/de\/wp-json\/wp\/v2\/pages\/2242\/revisions\/2414"}],"wp:attachment":[{"href":"https:\/\/www.fluokov.cz\/de\/wp-json\/wp\/v2\/media?parent=2242"}],"curies":[{"name":"wp","href":"https:\/\/api.w.org\/{rel}","templated":true}]}}